{"id":2903,"date":"2025-06-10T10:40:13","date_gmt":"2025-06-10T07:40:13","guid":{"rendered":"https:\/\/millijon.ua\/?page_id=2903"},"modified":"2025-12-05T20:03:51","modified_gmt":"2025-12-05T18:03:51","slug":"bukovel","status":"publish","type":"page","link":"https:\/\/millijon.ua\/ro\/premium-services\/bukovel\/","title":{"rendered":"Bukovel"},"content":{"rendered":"<div data-elementor-type=\"wp-page\" data-elementor-id=\"2903\" class=\"elementor elementor-2903\" data-elementor-post-type=\"page\">\n\t\t\t\t\t\t<section class=\"elementor-section elementor-top-section elementor-element elementor-element-c90a5bd elementor-section-height-min-height cs-section-content-fullwidth cs-parallax-on-scroll cs_scroll_y_120 elementor-section-boxed elementor-section-height-default elementor-section-items-middle\" data-id=\"c90a5bd\" data-element_type=\"section\" data-e-type=\"section\" data-settings=\"{&quot;background_background&quot;:&quot;classic&quot;}\" data-cs-parallax-y=\"120\" style=\"background-image: none;\" data-cs-background-image=\"https:\/\/millijon.ua\/wp-content\/uploads\/2023\/05\/peter-thomas-gjk2g-7if1a-unsplash.jpg\" data-cs-background-image-alt-text=\"\">\n\t\t\t\t\t\t\t<div class=\"elementor-background-overlay\"><\/div>\n\t\t\t\t\t\t\t<div class=\"elementor-container elementor-column-gap-no\">\n\t\t\t\t\t<div class=\"elementor-column elementor-col-100 elementor-top-column elementor-element elementor-element-7d889b7 dark-color\" data-id=\"7d889b7\" data-element_type=\"column\" data-e-type=\"column\">\n\t\t\t<div class=\"elementor-widget-wrap elementor-element-populated\">\n\t\t\t\t\t\t<div class=\"elementor-element elementor-element-57ca99f elementor-widget elementor-widget-cs_title\" data-id=\"57ca99f\" data-element_type=\"widget\" data-e-type=\"widget\" data-widget_type=\"cs_title.default\">\n\t\t\t\t<div class=\"elementor-widget-container\">\n\t\t\t\t\t\n        <div class=\"cs-title-wrap text-center\">\t            <div class=\"cs-subtitle-wrap\"><span class=\"cs-subtitle color-white\">Hotel \"Milli &amp; Jon\" \u00een Bukovel<\/span><\/div>\t            <h1 class=\"cs-title\">\n\t                Bukovel\t            <\/h1>\t            <div class=\"cs-title-text\">\n\t                <p>Cea mai popular\u0103 sta\u021biune de schi din Ucraina - un an \u00eentreg de impresii<\/p>\t            <\/div>        <\/div>\t\t\t\t<\/div>\n\t\t\t\t<\/div>\n\t\t\t\t\t<\/div>\n\t\t<\/div>\n\t\t\t\t\t<\/div>\n\t\t<\/section>\n\t\t\t\t<section class=\"elementor-section elementor-top-section elementor-element elementor-element-bdd7054 elementor-section-boxed elementor-section-height-default elementor-section-height-default\" data-id=\"bdd7054\" data-element_type=\"section\" data-e-type=\"section\">\n\t\t\t\t\t\t<div class=\"elementor-container elementor-column-gap-no\">\n\t\t\t\t\t<div class=\"elementor-column elementor-col-100 elementor-top-column elementor-element elementor-element-f24e1a1\" data-id=\"f24e1a1\" data-element_type=\"column\" data-e-type=\"column\">\n\t\t\t<div class=\"elementor-widget-wrap elementor-element-populated\">\n\t\t\t\t\t\t<div class=\"elementor-element elementor-element-95ac6fd elementor-widget elementor-widget-cs_title\" data-id=\"95ac6fd\" data-element_type=\"widget\" data-e-type=\"widget\" data-widget_type=\"cs_title.default\">\n\t\t\t\t<div class=\"elementor-widget-container\">\n\t\t\t\t\t\n        <div class=\"cs-title-wrap text-center\">\t            <div class=\"cs-subtitle-wrap\"><span class=\"cs-subtitle\">Hotel \"Milli &amp; Jon\" \u00een Bukovel<\/span><\/div>\t            <h4 class=\"cs-title\">\n\t                Bukovel\t            <\/h4>\t            <div class=\"cs-title-text\">\n\t                <p data-start=\"173\" data-end=\"443\">Bukovel este o sta\u021biune montan\u0103 modern\u0103 cu o infrastructur\u0103 bine dezvoltat\u0103, mai mult de 60 km de p\u00e2rtii, teleschiuri, un lac \u0219i divertisment pentru copii \u0219i adul\u021bi. Iarna, este un centru de sporturi de iarn\u0103, iar vara este o oaz\u0103 verde pentru recreere activ\u0103 \u0219i relaxare.<br data-start=\"402\" data-end=\"405\" \/>Hotel. <strong data-start=\"412\" data-end=\"429\">\"Milli &amp; Jon\"<\/strong> este situat la c\u00e2teva minute de teleschiuri \u0219i ofer\u0103 tot ceea ce ave\u021bi nevoie pentru a v\u0103 face vacan\u021ba \u00een Bukovel confortabil\u0103, sigur\u0103 \u0219i de neuitat.<\/p>\t            <\/div>        <\/div>\t\t\t\t<\/div>\n\t\t\t\t<\/div>\n\t\t\t\t<div class=\"elementor-element elementor-element-b6a4684 cs-animation-small-offset elementor-invisible elementor-widget elementor-widget-cs_gallery\" data-id=\"b6a4684\" data-element_type=\"widget\" data-e-type=\"widget\" data-settings=\"{&quot;_animation&quot;:&quot;fadeInUp&quot;,&quot;_animation_delay&quot;:200}\" data-widget_type=\"cs_gallery.default\">\n\t\t\t\t<div class=\"elementor-widget-container\">\n\t\t\t\t\t\n            <div class=\"cs-gallery gap-5 gallery-grid grid-col-3\">\n                <div class=\"cs-gallery-wrap\">                    <div class=\"cs-gallery-item\"><img fetchpriority=\"high\" decoding=\"async\" width=\"550\" height=\"825\" src=\"https:\/\/millijon.ua\/wp-content\/uploads\/2025\/11\/general-2025-122-550x825.webp\" class=\"attachment-cozystay_550x9999 size-cozystay_550x9999 wp-image-3790\" alt=\"\" srcset=\"https:\/\/millijon.ua\/wp-content\/uploads\/2025\/11\/general-2025-122-550x825.webp 550w, https:\/\/millijon.ua\/wp-content\/uploads\/2025\/11\/general-2025-122-200x300.webp 200w, https:\/\/millijon.ua\/wp-content\/uploads\/2025\/11\/general-2025-122-683x1024.webp 683w, https:\/\/millijon.ua\/wp-content\/uploads\/2025\/11\/general-2025-122-768x1152.webp 768w, https:\/\/millijon.ua\/wp-content\/uploads\/2025\/11\/general-2025-122-8x12.webp 8w, https:\/\/millijon.ua\/wp-content\/uploads\/2025\/11\/general-2025-122-780x1170.webp 780w, https:\/\/millijon.ua\/wp-content\/uploads\/2025\/11\/general-2025-122-600x900.webp 600w, https:\/\/millijon.ua\/wp-content\/uploads\/2025\/11\/general-2025-122-370x555.webp 370w, https:\/\/millijon.ua\/wp-content\/uploads\/2025\/11\/general-2025-122-255x382.webp 255w, https:\/\/millijon.ua\/wp-content\/uploads\/2025\/11\/general-2025-122-100x150.webp 100w, https:\/\/millijon.ua\/wp-content\/uploads\/2025\/11\/general-2025-122.webp 889w\" sizes=\"(max-width: 550px) 100vw, 550px\" \/>                    <\/div>                    <div class=\"cs-gallery-item\"><img decoding=\"async\" width=\"550\" height=\"825\" src=\"https:\/\/millijon.ua\/wp-content\/uploads\/2025\/11\/general-2025-120-550x825.webp\" class=\"attachment-cozystay_550x9999 size-cozystay_550x9999 wp-image-3788\" alt=\"\" srcset=\"https:\/\/millijon.ua\/wp-content\/uploads\/2025\/11\/general-2025-120-550x825.webp 550w, https:\/\/millijon.ua\/wp-content\/uploads\/2025\/11\/general-2025-120-200x300.webp 200w, https:\/\/millijon.ua\/wp-content\/uploads\/2025\/11\/general-2025-120-683x1024.webp 683w, https:\/\/millijon.ua\/wp-content\/uploads\/2025\/11\/general-2025-120-768x1152.webp 768w, https:\/\/millijon.ua\/wp-content\/uploads\/2025\/11\/general-2025-120-8x12.webp 8w, https:\/\/millijon.ua\/wp-content\/uploads\/2025\/11\/general-2025-120-780x1170.webp 780w, https:\/\/millijon.ua\/wp-content\/uploads\/2025\/11\/general-2025-120-600x900.webp 600w, https:\/\/millijon.ua\/wp-content\/uploads\/2025\/11\/general-2025-120-370x555.webp 370w, https:\/\/millijon.ua\/wp-content\/uploads\/2025\/11\/general-2025-120-255x382.webp 255w, https:\/\/millijon.ua\/wp-content\/uploads\/2025\/11\/general-2025-120-100x150.webp 100w, https:\/\/millijon.ua\/wp-content\/uploads\/2025\/11\/general-2025-120.webp 889w\" sizes=\"(max-width: 550px) 100vw, 550px\" \/>                    <\/div>                    <div class=\"cs-gallery-item\"><img decoding=\"async\" width=\"550\" height=\"825\" src=\"https:\/\/millijon.ua\/wp-content\/uploads\/2025\/11\/general-2025-107-550x825.webp\" class=\"attachment-cozystay_550x9999 size-cozystay_550x9999 wp-image-3775\" alt=\"\" srcset=\"https:\/\/millijon.ua\/wp-content\/uploads\/2025\/11\/general-2025-107-550x825.webp 550w, https:\/\/millijon.ua\/wp-content\/uploads\/2025\/11\/general-2025-107-200x300.webp 200w, https:\/\/millijon.ua\/wp-content\/uploads\/2025\/11\/general-2025-107-683x1024.webp 683w, https:\/\/millijon.ua\/wp-content\/uploads\/2025\/11\/general-2025-107-768x1152.webp 768w, https:\/\/millijon.ua\/wp-content\/uploads\/2025\/11\/general-2025-107-8x12.webp 8w, https:\/\/millijon.ua\/wp-content\/uploads\/2025\/11\/general-2025-107-780x1170.webp 780w, https:\/\/millijon.ua\/wp-content\/uploads\/2025\/11\/general-2025-107-600x900.webp 600w, https:\/\/millijon.ua\/wp-content\/uploads\/2025\/11\/general-2025-107-370x555.webp 370w, https:\/\/millijon.ua\/wp-content\/uploads\/2025\/11\/general-2025-107-255x382.webp 255w, https:\/\/millijon.ua\/wp-content\/uploads\/2025\/11\/general-2025-107-100x150.webp 100w, https:\/\/millijon.ua\/wp-content\/uploads\/2025\/11\/general-2025-107.webp 889w\" sizes=\"(max-width: 550px) 100vw, 550px\" \/>                    <\/div>                <\/div>\n            <\/div>\t\t\t\t<\/div>\n\t\t\t\t<\/div>\n\t\t\t\t\t<\/div>\n\t\t<\/div>\n\t\t\t\t\t<\/div>\n\t\t<\/section>\n\t\t\t\t<section class=\"elementor-section elementor-top-section elementor-element elementor-element-68275b8 elementor-section-boxed elementor-section-height-default elementor-section-height-default\" data-id=\"68275b8\" data-element_type=\"section\" data-e-type=\"section\">\n\t\t\t\t\t\t<div class=\"elementor-container elementor-column-gap-no\">\n\t\t\t\t\t<div class=\"elementor-column elementor-col-66 elementor-top-column elementor-element elementor-element-a4414f5\" data-id=\"a4414f5\" data-element_type=\"column\" data-e-type=\"column\">\n\t\t\t<div class=\"elementor-widget-wrap elementor-element-populated\">\n\t\t\t\t\t\t<div class=\"elementor-element elementor-element-154f24d elementor-widget__width-initial elementor-widget elementor-widget-cs_title\" data-id=\"154f24d\" data-element_type=\"widget\" data-e-type=\"widget\" data-widget_type=\"cs_title.default\">\n\t\t\t\t<div class=\"elementor-widget-container\">\n\t\t\t\t\t\n        <div class=\"cs-title-wrap\">\t            <div class=\"cs-subtitle-wrap\"><span class=\"cs-subtitle\">Vacan\u021be \u00een Bukovel Hotel \"Milli &amp; Jon\"<\/span><\/div>\t            <h4 class=\"cs-title\">\n\t                Bukovel - inima vacan\u021bei din Carpa\u021bi\t            <\/h4>\t            <div class=\"cs-title-text\">\n\t                <p style=\"text-align: justify;\" data-start=\"271\" data-end=\"667\"><strong data-start=\"271\" data-end=\"283\">Bukovel<\/strong> - nu este doar o sta\u021biune, este un loc de for\u021b\u0103, natur\u0103, confort \u0219i experien\u021be noi \u00een orice moment al anului. Situat\u0103 \u00een regiunea Ivano-Frankivsk, \u00een mijlocul unor lan\u021buri muntoase pitore\u0219ti, sta\u021biunea a devenit una dintre cele mai populare destina\u021bii turistice din Ucraina. Fie c\u0103 pl\u0103nui\u021bi o vacan\u021b\u0103 de iarn\u0103 la schi, un tur activ de var\u0103 sau doar c\u0103uta\u021bi pu\u021bin\u0103 lini\u0219te \u0219i pace \u00een mun\u021bi, Bukovel are ceva de oferit.<\/p><h3 style=\"text-align: justify;\" data-start=\"669\" data-end=\"721\"><a href=\"https:\/\/millijon.ua\/ro\/servicii-premium\/zyma-in-bukovel\/\">Winter Bukovel: schi, snowboarding \u0219i un basm \u00eenz\u0103pezit<\/a><\/h3><p style=\"text-align: justify;\" data-start=\"723\" data-end=\"1086\">\u00cen sezonul rece, Bukovel se transform\u0103 \u00eentr-o <strong data-start=\"770\" data-end=\"796\">capitala de iarn\u0103 a Ucrainei<\/strong>. Sta\u021biunea ofer\u0103 mai mult de 60 km de p\u00e2rtii \u00eengrijite de dificultate variabil\u0103, zeci de teleschiuri, un parc de z\u0103pad\u0103, schi de noapte, o \u0219coal\u0103 de instructori pentru copii \u0219i adul\u021bi \u0219i \u00eenchiriere de echipamente.<br data-start=\"974\" data-end=\"977\" \/>Snowboarderi profesioni\u0219ti, \u00eencep\u0103tori, familii cu copii - fiecare va g\u0103si o pist\u0103 care s\u0103 se potriveasc\u0103 nivelului s\u0103u de calificare.<\/p><p style=\"text-align: justify;\" data-start=\"1088\" data-end=\"1348\">Hotel. <strong data-start=\"1095\" data-end=\"1112\">\"Milli &amp; Jon\"<\/strong> este situat la doar 800 de metri de teleschiuri, permi\u021b\u00e2nd oaspe\u021bilor no\u0219tri s\u0103 se bucure de schiurile zilnice f\u0103r\u0103 a fi nevoie de c\u0103l\u0103torii lungi. Dup\u0103 o zi pe p\u00e2rtii, v\u0103 a\u0219teapt\u0103 o camer\u0103 cald\u0103, saun\u0103, piscin\u0103 \u0219i o cin\u0103 delicioas\u0103 \u00een restaurantul nostru.<\/p><h3 style=\"text-align: justify;\" data-start=\"1350\" data-end=\"1402\"><a href=\"https:\/\/millijon.ua\/ro\/servicii-premium\/lito-in-bukovel\/\">Vara Bukovel: relaxare printre verdea\u021b\u0103 \u0219i lini\u0219te<\/a><\/h3><p style=\"text-align: justify;\" data-start=\"1404\" data-end=\"1771\">Odat\u0103 cu venirea verii, Bukovel \u00ee\u0219i schimb\u0103 fa\u021ba. P\u00e2rtiile de schi se transform\u0103 \u00een trasee pentru drume\u021bii \u0219i ciclism, iar <strong data-start=\"1537\" data-end=\"1556\">Lacul tinere\u021bii<\/strong>Pute\u021bi s\u0103 face\u021bi SUP-boarding, s\u0103 pescui\u021bi sau pur \u0219i simplu s\u0103 face\u021bi plaj\u0103 pe \u0219ezlongurile cu vedere la mun\u021bi.<br data-start=\"1650\" data-end=\"1653\" \/>Vara, Carpa\u021bii sunt plini de verdea\u021b\u0103, aer curat, r\u00e2uri de munte, cascade, buc\u0103t\u0103rie Hutsul \u0219i un num\u0103r nelimitat de excursii.<\/p><p style=\"text-align: justify;\" data-start=\"1773\" data-end=\"1933\">Hotel. <strong data-start=\"1780\" data-end=\"1797\">\"Milli &amp; Jon\"<\/strong> organizeaz\u0103 drume\u021bii \u00een mun\u021bi, excursii etnice la Verkhovyna, excursii cu ATV, excursii la Yaremche \u0219i alte trasee interesante pentru oaspe\u021bii s\u0103i.<\/p><h3 style=\"text-align: justify;\" data-start=\"1935\" data-end=\"1987\"><a href=\"https:\/\/millijon.ua\/ro\/servicii-premium\/activitati-locale\/\">Toamna \u0219i prim\u0103vara: afara sezonului cu o atmosfer\u0103 special\u0103<\/a><\/h3><p style=\"text-align: justify;\" data-start=\"1989\" data-end=\"2308\">Toamna, Bukovel impresioneaz\u0103 cu paleta sa de culori - p\u0103durile galbene, ro\u0219ii \u0219i portocalii \u00eenc\u00e2nt\u0103 la prima vedere. Prim\u0103vara este o perioad\u0103 de trezire, c\u00e2nd natura prinde via\u021b\u0103 \u0219i aerul se umple de miros de prospe\u021bime \u0219i flori.<br data-start=\"2199\" data-end=\"2202\" \/>Acesta este un moment excelent pentru <strong data-start=\"2221\" data-end=\"2275\">odihn\u0103, repornire \u0219i relaxare<\/strong> f\u0103r\u0103 mul\u021bimi mari de turi\u0219ti.<\/p><hr data-start=\"2584\" data-end=\"2587\" \/><p style=\"text-align: justify;\" data-start=\"2589\" data-end=\"2814\">\u00a0<\/p>\t            <\/div>        <\/div>\t\t\t\t<\/div>\n\t\t\t\t<\/div>\n\t\t\t\t\t<\/div>\n\t\t<\/div>\n\t\t\t\t<div class=\"elementor-column elementor-col-33 elementor-top-column elementor-element elementor-element-88eefae\" data-id=\"88eefae\" data-element_type=\"column\" data-e-type=\"column\" data-settings=\"{&quot;background_background&quot;:&quot;classic&quot;}\">\n\t\t\t<div class=\"elementor-widget-wrap elementor-element-populated\">\n\t\t\t\t\t\t<div class=\"elementor-element elementor-element-8941b37 elementor-widget elementor-widget-cs_title\" data-id=\"8941b37\" data-element_type=\"widget\" data-e-type=\"widget\" data-widget_type=\"cs_title.default\">\n\t\t\t\t<div class=\"elementor-widget-container\">\n\t\t\t\t\t\n        <div class=\"cs-title-wrap\">\t            <h6 class=\"cs-title\">\n\t                Bukovel este:\t            <\/h6>        <\/div>\t\t\t\t<\/div>\n\t\t\t\t<\/div>\n\t\t\t\t<div class=\"elementor-element elementor-element-1010b33 elementor-widget__width-initial elementor-widget elementor-widget-cs_list\" data-id=\"1010b33\" data-element_type=\"widget\" data-e-type=\"widget\" data-widget_type=\"cs_list.default\">\n\t\t\t\t<div class=\"elementor-widget-container\">\n\t\t\t\t\t\n            <ul class=\"cs-list cs-list-type-unordered\">                <li>                        <span class=\"list-icon color-primary\">\n                            <svg aria-hidden=\"true\" class=\"e-font-icon-svg e-fas-circle\" viewbox=\"0 0 512 512\" xmlns=\"http:\/\/www.w3.org\/2000\/svg\"><path d=\"M256 8C119 8 8 119 8 256s111 248 248 248 248-111 248-248S393 8 256 8z\"><\/path><\/svg>                        <\/span>                    <span class=\"list-content\">p\u00e2rtii de schi de clas\u0103 mondial\u0103<\/span>                <\/li>                <li>                        <span class=\"list-icon color-primary\">\n                            <svg aria-hidden=\"true\" class=\"e-font-icon-svg e-fas-circle\" viewbox=\"0 0 512 512\" xmlns=\"http:\/\/www.w3.org\/2000\/svg\"><path d=\"M256 8C119 8 8 119 8 256s111 248 248 248 248-111 248-248S393 8 256 8z\"><\/path><\/svg>                        <\/span>                    <span class=\"list-content\">infrastructur\u0103 modern\u0103<\/span>                <\/li>                <li>                        <span class=\"list-icon color-primary\">\n                            <svg aria-hidden=\"true\" class=\"e-font-icon-svg e-fas-circle\" viewbox=\"0 0 512 512\" xmlns=\"http:\/\/www.w3.org\/2000\/svg\"><path d=\"M256 8C119 8 8 119 8 256s111 248 248 248 248-111 248-248S393 8 256 8z\"><\/path><\/svg>                        <\/span>                    <span class=\"list-content\">zeci de restaurante, cafenele \u0219i complexe spa<\/span>                <\/li>                <li>                        <span class=\"list-icon color-primary\">\n                            <svg aria-hidden=\"true\" class=\"e-font-icon-svg e-fas-circle\" viewbox=\"0 0 512 512\" xmlns=\"http:\/\/www.w3.org\/2000\/svg\"><path d=\"M256 8C119 8 8 119 8 256s111 248 248 248 248-111 248-248S393 8 256 8z\"><\/path><\/svg>                        <\/span>                    <span class=\"list-content\">Diverse activit\u0103\u021bi: schi, snowboarding, drume\u021bii, excursii<\/span>                <\/li>                <li>                        <span class=\"list-icon color-primary\">\n                            <svg aria-hidden=\"true\" class=\"e-font-icon-svg e-fas-circle\" viewbox=\"0 0 512 512\" xmlns=\"http:\/\/www.w3.org\/2000\/svg\"><path d=\"M256 8C119 8 8 119 8 256s111 248 248 248 248-111 248-248S393 8 256 8z\"><\/path><\/svg>                        <\/span>                    <span class=\"list-content\">divertisment pentru copii \u0219i adul\u021bi<\/span>                <\/li>                <li>                        <span class=\"list-icon color-primary\">\n                            <svg aria-hidden=\"true\" class=\"e-font-icon-svg e-fas-circle\" viewbox=\"0 0 512 512\" xmlns=\"http:\/\/www.w3.org\/2000\/svg\"><path d=\"M256 8C119 8 8 119 8 256s111 248 248 248 248-111 248-248S393 8 256 8z\"><\/path><\/svg>                        <\/span>                    <span class=\"list-content\">vacan\u021b\u0103 sigur\u0103 \u0219i confortabil\u0103<\/span>                <\/li>            <\/ul>\t\t\t\t<\/div>\n\t\t\t\t<\/div>\n\t\t\t\t<div class=\"elementor-element elementor-element-5c27d2f elementor-widget elementor-widget-text-editor\" data-id=\"5c27d2f\" data-element_type=\"widget\" data-e-type=\"widget\" data-widget_type=\"text-editor.default\">\n\t\t\t\t<div class=\"elementor-widget-container\">\n\t\t\t\t\t\t\t\t\t<p style=\"text-align: justify;\">Prin alegerea <strong data-start=\"2598\" data-end=\"2633\">Milli &amp; Jon hotel \u00een Bukovel<\/strong>Ob\u021bine\u021bi o loca\u021bie ideal\u0103, servicii cu suflet \u0219i posibilitatea de a descoperi Bukovel \u00een fiecare zi \u00eentr-un mod nou.<br data-start=\"2742\" data-end=\"2745\" \/>V\u0103 a\u0219tept\u0103m \u00een orice anotimp - descoperi\u021bi Carpa\u021bii cu noi!<\/p>\t\t\t\t\t\t\t\t<\/div>\n\t\t\t\t<\/div>\n\t\t\t\t<div class=\"elementor-element elementor-element-232d9bc elementor-widget elementor-widget-cs_title\" data-id=\"232d9bc\" data-element_type=\"widget\" data-e-type=\"widget\" data-widget_type=\"cs_title.default\">\n\t\t\t\t<div class=\"elementor-widget-container\">\n\t\t\t\t\t\n        <div class=\"cs-title-wrap\">\t            <h6 class=\"cs-title\">\n\t                Contacte\t            <\/h6>        <\/div>\t\t\t\t<\/div>\n\t\t\t\t<\/div>\n\t\t\t\t<div class=\"elementor-element elementor-element-a27f0b3 elementor-widget elementor-widget-cs_list\" data-id=\"a27f0b3\" data-element_type=\"widget\" data-e-type=\"widget\" data-widget_type=\"cs_list.default\">\n\t\t\t\t<div class=\"elementor-widget-container\">\n\t\t\t\t\t\n            <ul class=\"cs-list cs-list-type-unordered with-border\">                <li>                        <span class=\"list-icon color-primary\">\n                            <svg aria-hidden=\"true\" class=\"e-font-icon-svg e-far-dot-circle\" viewbox=\"0 0 512 512\" xmlns=\"http:\/\/www.w3.org\/2000\/svg\"><path d=\"M256 56c110.532 0 200 89.451 200 200 0 110.532-89.451 200-200 200-110.532 0-200-89.451-200-200 0-110.532 89.451-200 200-200m0-48C119.033 8 8 119.033 8 256s111.033 248 248 248 248-111.033 248-248S392.967 8 256 8zm0 168c-44.183 0-80 35.817-80 80s35.817 80 80 80 80-35.817 80-80-35.817-80-80-80z\"><\/path><\/svg>                        <\/span>                    <span class=\"list-content\">Telefon: +380968929749\n<\/span>                        <a class=\"list-link\" href=\"tel:+380968929749\" aria-label=\"List Item Link\"><\/a>                <\/li>                <li>                        <span class=\"list-icon color-primary\">\n                            <svg aria-hidden=\"true\" class=\"e-font-icon-svg e-far-dot-circle\" viewbox=\"0 0 512 512\" xmlns=\"http:\/\/www.w3.org\/2000\/svg\"><path d=\"M256 56c110.532 0 200 89.451 200 200 0 110.532-89.451 200-200 200-110.532 0-200-89.451-200-200 0-110.532 89.451-200 200-200m0-48C119.033 8 8 119.033 8 256s111.033 248 248 248 248-111.033 248-248S392.967 8 256 8zm0 168c-44.183 0-80 35.817-80 80s35.817 80 80 80 80-35.817 80-80-35.817-80-80-80z\"><\/path><\/svg>                        <\/span>                    <span class=\"list-content\">E-mail: reception@milliandjon.com.ua<\/span>                        <a class=\"list-link\" href=\"mailto:reception@milliandjon.com.ua\" aria-label=\"List Item Link\"><\/a>                <\/li>                <li>                        <span class=\"list-icon color-primary\">\n                            <svg aria-hidden=\"true\" class=\"e-font-icon-svg e-far-dot-circle\" viewbox=\"0 0 512 512\" xmlns=\"http:\/\/www.w3.org\/2000\/svg\"><path d=\"M256 56c110.532 0 200 89.451 200 200 0 110.532-89.451 200-200 200-110.532 0-200-89.451-200-200 0-110.532 89.451-200 200-200m0-48C119.033 8 8 119.033 8 256s111.033 248 248 248 248-111.033 248-248S392.967 8 256 8zm0 168c-44.183 0-80 35.817-80 80s35.817 80 80 80 80-35.817 80-80-35.817-80-80-80z\"><\/path><\/svg>                        <\/span>                    <span class=\"list-content\">E-mail: reception@millijon.ua<\/span>                        <a class=\"list-link\" href=\"mailto:reception@millijon.ua\" aria-label=\"List Item Link\"><\/a>                <\/li>            <\/ul>\t\t\t\t<\/div>\n\t\t\t\t<\/div>\n\t\t\t\t\t<\/div>\n\t\t<\/div>\n\t\t\t\t\t<\/div>\n\t\t<\/section>\n\t\t\t\t<\/div>","protected":false},"excerpt":{"rendered":"<p>\u0413\u043e\u0442\u0435\u043b\u044c \u00abMilli &#038; Jon\u00bb \u0443 \u0411\u0443\u043a\u043e\u0432\u0435\u043b\u0456 \u0411\u0443\u043a\u043e\u0432\u0435\u043b\u044c \u041d\u0430\u0439\u043f\u043e\u043f\u0443\u043b\u044f\u0440\u043d\u0456\u0448\u0438\u0439 \u0433\u0456\u0440\u0441\u044c\u043a\u043e\u043b\u0438\u0436\u043d\u0438\u0439 \u043a\u0443\u0440\u043e\u0440\u0442 \u0423\u043a\u0440\u0430\u0457\u043d\u0438 \u2014 \u0446\u0456\u043b\u0438\u0439 \u0440\u0456\u043a \u0432\u0440\u0430\u0436\u0435\u043d\u044c \u0413\u043e\u0442\u0435\u043b\u044c \u00abMilli &#038; Jon\u00bb \u0443 \u0411\u0443\u043a\u043e\u0432\u0435\u043b\u0456 \u0411\u0443\u043a\u043e\u0432\u0435\u043b\u044c \u0411\u0443\u043a\u043e\u0432\u0435\u043b\u044c \u2014 \u0446\u0435 \u0441\u0443\u0447\u0430\u0441\u043d\u0438\u0439 \u0433\u0456\u0440\u0441\u044c\u043a\u0438\u0439 \u043a\u0443\u0440\u043e\u0440\u0442 \u0456\u0437 \u0440\u043e\u0437\u0432\u0438\u043d\u0435\u043d\u043e\u044e \u0456\u043d\u0444\u0440\u0430\u0441\u0442\u0440\u0443\u043a\u0442\u0443\u0440\u043e\u044e, \u043f\u043e\u043d\u0430\u0434 60 \u043a\u043c \u0442\u0440\u0430\u0441, \u0432\u0438\u0442\u044f\u0433\u0430\u043c\u0438, \u043e\u0437\u0435\u0440\u043e\u043c, \u0440\u043e\u0437\u0432\u0430\u0433\u0430\u043c\u0438 \u0434\u043b\u044f \u0434\u0456\u0442\u0435\u0439 \u0456 \u0434\u043e\u0440\u043e\u0441\u043b\u0438\u0445. \u0412\u0437\u0438\u043c\u043a\u0443 \u0442\u0443\u0442 \u2014 \u0446\u0435\u043d\u0442\u0440 \u0437\u0438\u043c\u043e\u0432\u043e\u0433\u043e \u0441\u043f\u043e\u0440\u0442\u0443, \u0430 \u0432\u043b\u0456\u0442\u043a\u0443 \u2014 \u0437\u0435\u043b\u0435\u043d\u0430 \u043e\u0430\u0437\u0430 \u0434\u043b\u044f \u0430\u043a\u0442\u0438\u0432\u043d\u043e\u0433\u043e &#8230;<\/p>","protected":false},"author":1,"featured_media":0,"parent":221,"menu_order":3,"comment_status":"closed","ping_status":"closed","template":"template-wide-content.php","meta":{"cozystay_single_page_hide_site_header":"","cozystay_single_page_site_header_source":"","cozystay_single_page_custom_site_header":"0","cozystay_single_page_custom_sticky_site_header":"0","cozystay_single_page_hide_page_title":"on","cozystay_single_page_header_section_size":"","cozystay_single_page_header_background_color":"","cozystay_single_page_header_background_position_x":"center","cozystay_single_page_header_background_position_y":"center","cozystay_single_page_header_background_size":"cover","cozystay_single_page_header_background_repeat":"off","cozystay_single_page_header_background_scroll":"on","cozystay_single_page_header_text_color":"","cozystay_single_page_header_show_breadcrumb":"","cozystay_single_page_site_footer_hide_main":"","cozystay_single_custom_site_footer_main_source":"","cozystay_single_custom_site_footer_main":"0","cozystay_single_page_site_footer_hide_above":"","cozystay_single_custom_site_footer_above_source":"","cozystay_single_custom_site_footer_above":"0","cozystay_single_page_site_footer_hide_instagram":"","cozystay_single_page_site_footer_hide_bottom":"","cozystay_single_custom_mobile_menu_source":"","cozystay_single_custom_mobile_menu":"0","cozystay_single_custom_mobile_menu_animation":"","cozystay_single_custom_mobile_menu_width":"","cozystay_single_custom_mobile_menu_custom_width":375,"footnotes":"","_links_to":"","_links_to_target":""},"class_list":["post-2903","page","type-page","status-publish","hentry"],"_links":{"self":[{"href":"https:\/\/millijon.ua\/ro\/wp-json\/wp\/v2\/pages\/2903","targetHints":{"allow":["GET"]}}],"collection":[{"href":"https:\/\/millijon.ua\/ro\/wp-json\/wp\/v2\/pages"}],"about":[{"href":"https:\/\/millijon.ua\/ro\/wp-json\/wp\/v2\/types\/page"}],"author":[{"embeddable":true,"href":"https:\/\/millijon.ua\/ro\/wp-json\/wp\/v2\/users\/1"}],"replies":[{"embeddable":true,"href":"https:\/\/millijon.ua\/ro\/wp-json\/wp\/v2\/comments?post=2903"}],"version-history":[{"count":18,"href":"https:\/\/millijon.ua\/ro\/wp-json\/wp\/v2\/pages\/2903\/revisions"}],"predecessor-version":[{"id":4253,"href":"https:\/\/millijon.ua\/ro\/wp-json\/wp\/v2\/pages\/2903\/revisions\/4253"}],"up":[{"embeddable":true,"href":"https:\/\/millijon.ua\/ro\/wp-json\/wp\/v2\/pages\/221"}],"wp:attachment":[{"href":"https:\/\/millijon.ua\/ro\/wp-json\/wp\/v2\/media?parent=2903"}],"curies":[{"name":"wp","href":"https:\/\/api.w.org\/{rel}","templated":true}]}}