{"id":2481,"date":"2025-05-21T21:30:02","date_gmt":"2025-05-21T18:30:02","guid":{"rendered":"https:\/\/millijon.ua\/?page_id=2481"},"modified":"2025-05-30T23:26:19","modified_gmt":"2025-05-30T20:26:19","slug":"oferta","status":"publish","type":"page","link":"https:\/\/millijon.ua\/ro\/oferta\/","title":{"rendered":"\u0414\u043e\u0433\u043e\u0432\u0456\u0440 \u043e\u0444\u0435\u0440\u0442\u0438"},"content":{"rendered":"<div data-elementor-type=\"wp-page\" data-elementor-id=\"2481\" class=\"elementor elementor-2481\" data-elementor-post-type=\"page\">\n\t\t\t\t\t\t<section class=\"elementor-section elementor-top-section elementor-element elementor-element-2a9d854c elementor-section-height-min-height cs-section-content-fullwidth cs-parallax-on-scroll cs_scroll_y_80 elementor-section-boxed elementor-section-height-default elementor-section-items-middle\" data-id=\"2a9d854c\" data-element_type=\"section\" data-e-type=\"section\" data-settings=\"{&quot;background_background&quot;:&quot;classic&quot;}\" data-cs-parallax-y=\"80\" style=\"background-image: none;\" data-cs-background-image=\"https:\/\/millijon.ua\/wp-content\/uploads\/2025\/05\/gallery-hotel-007.webp\" data-cs-background-image-alt-text=\"\">\n\t\t\t\t\t\t\t<div class=\"elementor-background-overlay\"><\/div>\n\t\t\t\t\t\t\t<div class=\"elementor-container elementor-column-gap-no\">\n\t\t\t\t\t<div class=\"elementor-column elementor-col-100 elementor-top-column elementor-element elementor-element-4b4e1896 dark-color\" data-id=\"4b4e1896\" data-element_type=\"column\" data-e-type=\"column\">\n\t\t\t<div class=\"elementor-widget-wrap elementor-element-populated\">\n\t\t\t\t\t\t<div class=\"elementor-element elementor-element-2f2ccf9f elementor-widget elementor-widget-cs_title\" data-id=\"2f2ccf9f\" data-element_type=\"widget\" data-e-type=\"widget\" data-widget_type=\"cs_title.default\">\n\t\t\t\t<div class=\"elementor-widget-container\">\n\t\t\t\t\t\n        <div class=\"cs-title-wrap text-center\">\t            <div class=\"cs-subtitle-wrap\"><span class=\"cs-subtitle color-white\">Hotel \"Milli &amp; Jon\" \u00een Bukovel<\/span><\/div>\t            <h1 class=\"cs-title\">\n\t                Acord de ofert\u0103 public\u0103\t            <\/h1>        <\/div>\t\t\t\t<\/div>\n\t\t\t\t<\/div>\n\t\t\t\t\t<\/div>\n\t\t<\/div>\n\t\t\t\t\t<\/div>\n\t\t<\/section>\n\t\t\t\t<section class=\"elementor-section elementor-top-section elementor-element elementor-element-94861f4 elementor-section-boxed elementor-section-height-default elementor-section-height-default\" data-id=\"94861f4\" data-element_type=\"section\" data-e-type=\"section\">\n\t\t\t\t\t\t<div class=\"elementor-container elementor-column-gap-no\">\n\t\t\t\t\t<div class=\"elementor-column elementor-col-100 elementor-top-column elementor-element elementor-element-a3e7b67\" data-id=\"a3e7b67\" data-element_type=\"column\" data-e-type=\"column\">\n\t\t\t<div class=\"elementor-widget-wrap elementor-element-populated\">\n\t\t\t\t\t\t<div class=\"elementor-element elementor-element-63bc85f elementor-widget elementor-widget-heading\" data-id=\"63bc85f\" data-element_type=\"widget\" data-e-type=\"widget\" data-widget_type=\"heading.default\">\n\t\t\t\t<div class=\"elementor-widget-container\">\n\t\t\t\t\t<h1 class=\"elementor-heading-title elementor-size-default\">Acord de ofert\u0103 public\u0103<\/h1>\t\t\t\t<\/div>\n\t\t\t\t<\/div>\n\t\t\t\t<div class=\"elementor-element elementor-element-c279e23 elementor-widget elementor-widget-text-editor\" data-id=\"c279e23\" data-element_type=\"widget\" data-e-type=\"widget\" data-widget_type=\"text-editor.default\">\n\t\t\t\t<div class=\"elementor-widget-container\">\n\t\t\t\t\t\t\t\t\t<p><strong>OFERT\u0102 PUBLIC\u0102 - UN CONTRACT PENTRU FURNIZAREA DE SERVICII DE REZERVARE<\/strong><\/p><p><strong>1. Dispozi\u021bii generale<\/strong><\/p><p>1.1. Aceast\u0103 ofert\u0103 este o ofert\u0103 oficial\u0103 a \"<a href=\"https:\/\/millijon.ua\/ro\/\">https:\/\/millijon.ua<\/a>\", denumit \u00een continuare \"V\u00e2nz\u0103torul\", pentru a \u00eencheia Acordul de v\u00e2nzare de servicii la distan\u021b\u0103, adic\u0103 prin intermediul magazinului online, denumit \u00een continuare \"Acordul\", \u0219i plaseaz\u0103 Oferta public\u0103 (oferta) pe site-ul oficial al V\u00e2nz\u0103torului \"<a href=\"https:\/\/millijon.ua\/ro\/\">https:\/\/millijon.ua<\/a>\u00a0(denumit \u00een continuare \"site-ul web\").<\/p><p>1.2. Momentul accept\u0103rii complete \u0219i necondi\u021bionate de c\u0103tre Cump\u0103r\u0103tor a ofertei (accept\u0103rii) V\u00e2nz\u0103torului de a \u00eencheia un contract electronic de v\u00e2nzare de bunuri se consider\u0103 a fi faptul c\u0103 Cump\u0103r\u0103torul a pl\u0103tit comanda \u00een condi\u021biile prezentului acord, \u00een condi\u021biile \u0219i la pre\u021burile specificate pe site-ul web al V\u00e2nz\u0103torului.<\/p><p><strong>2. Concepte \u0219i defini\u021bii<\/strong><br \/>2.1. \u00cen prezenta ofert\u0103, cu excep\u021bia cazului \u00een care contextul impune altfel, urm\u0103torii termeni au urm\u0103toarele semnifica\u021bii:<\/p><p>* \"Servicii\" - rezervarea unei camere de hotel;<\/p><p>* \"Magazin online\" \u00eenseamn\u0103, \u00een conformitate cu Legea Ucrainei \"privind comer\u021bul electronic\", un mijloc de prezentare sau v\u00e2nzare a bunurilor, lucr\u0103rilor sau serviciilor prin intermediul unei tranzac\u021bii electronice.<\/p><p>* \"V\u00e2nz\u0103tor\" \u00eenseamn\u0103 societatea care vinde bunurile prezentate pe site.<\/p><p>* \"Cump\u0103r\u0103tor\" \u00eenseamn\u0103 o persoan\u0103 fizic\u0103 care a \u00eencheiat Acordul cu V\u00e2nz\u0103torul \u00een termenii \u0219i condi\u021biile stabilite mai jos.<\/p><p>* \"Comand\u0103\" - selectarea de articole individuale din lista de servicii specificat\u0103 de Cump\u0103r\u0103tor atunci c\u00e2nd plaseaz\u0103 o comand\u0103 \u0219i efectueaz\u0103 plata.<\/p><p><strong>3.Obiectul acordului<\/strong><br \/>3.1. V\u00e2nz\u0103torul se angajeaz\u0103 s\u0103 transfere Serviciul \u00een proprietatea Cump\u0103r\u0103torului, iar Cump\u0103r\u0103torul se angajeaz\u0103 s\u0103 pl\u0103teasc\u0103 \u0219i s\u0103 accepte Serviciul \u00een conformitate cu termenii prezentului Acord.<\/p><p>Prezentul acord reglementeaz\u0103 v\u00e2nzarea \u0219i achizi\u021bionarea de servicii \u00een Magazinul online, inclusiv:<\/p><p>- alegerea voluntar\u0103 de c\u0103tre Cump\u0103r\u0103tor a serviciilor din Magazinul online;<\/p><p>- plasarea independent\u0103 de c\u0103tre Cump\u0103r\u0103tor a unei comenzi \u00een magazinul online;<\/p><p>- plata de c\u0103tre Cump\u0103r\u0103tor pentru comanda plasat\u0103 \u00een Magazinul online;<\/p><p>- procesarea \u0219i livrarea comenzii c\u0103tre cump\u0103r\u0103tor \u00een proprietatea cump\u0103r\u0103torului \u00een conformitate cu termenii prezentului acord.<\/p><p><strong>4. Procedura de comand\u0103<\/strong><br \/>4.1 Cump\u0103r\u0103torul are dreptul de a plasa o comand\u0103 pentru orice serviciu prezentat pe site-ul web al Magazinului online \u0219i disponibil.<\/p><p>4.2. Fiecare articol poate fi prezentat \u00een comand\u0103 \u00een orice cantitate.<\/p><p>4.3. \u00cen caz de indisponibilitate a serviciului, administratorul societ\u0103\u021bii este obligat s\u0103 informeze cump\u0103r\u0103torul (prin telefon sau e-mail).<\/p><p>4.4. \u00cen absen\u021ba unui serviciu, cump\u0103r\u0103torul are dreptul s\u0103 \u00eel \u00eenlocuiasc\u0103 cu un serviciu de model similar, s\u0103 refuze acest serviciu \u0219i s\u0103 anuleze comanda.<\/p><p><strong>5. Procedura de plat\u0103 a comenzii<\/strong><br \/>5.1. \u00cen cazul \u00een care fondurile nu sunt primite, Magazinul online \u00ee\u0219i rezerv\u0103 dreptul de a anula comanda.<\/p><p><strong>6. Termeni de serviciu<\/strong><\/p><p>6.1. \u00cempreun\u0103 cu comanda, Cump\u0103r\u0103torului i se furnizeaz\u0103 documente \u00een conformitate cu legisla\u021bia Ucrainei.<\/p><p><strong>7.Drepturile \u0219i obliga\u021biile p\u0103r\u021bilor:<\/strong><\/p><p>7.1. V\u00e2nz\u0103torul are dreptul de a:<\/p><p>- \u00eencetarea unilateral\u0103 a furniz\u0103rii de servicii \u00een temeiul prezentului acord \u00een caz de \u00eenc\u0103lcare de c\u0103tre cump\u0103r\u0103tor a condi\u021biilor prezentului acord.<\/p><p>7.2. Cump\u0103r\u0103torul este obligat s\u0103:<\/p><p>- plata \u00een timp util \u0219i primirea comenzii \u00een condi\u021biile prezentului acord.<\/p><p>7.3. Cump\u0103r\u0103torul are dreptul de a:<\/p><p>- plasa\u021bi o comand\u0103 \u00een magazinul online;<\/p><p>- pentru a executa un contract electronic;<\/p><p>- s\u0103 solicite v\u00e2nz\u0103torului s\u0103 respecte termenii prezentului acord.<\/p><p><strong>8.Responsabilitatea p\u0103r\u021bilor<\/strong><br \/>8.1. P\u0103r\u021bile r\u0103spund pentru ne\u00eendeplinirea sau \u00eendeplinirea necorespunz\u0103toare a condi\u021biilor prezentului acord \u00een modul prev\u0103zut de prezentul acord \u0219i de legisla\u021bia \u00een vigoare din Ucraina.<\/p><p>8.2. V\u00e2nz\u0103torul nu este responsabil pentru:<\/p><p>- pentru o u\u0219oar\u0103 discrepan\u021b\u0103 \u00een schema de culori a serviciului, care poate diferi de fotografie numai din cauza red\u0103rii diferite a culorilor de c\u0103tre monitoarele computerelor personale ale anumitor modele;<\/p><p>- pentru con\u021binutul \u0219i acurate\u021bea informa\u021biilor furnizate de cump\u0103r\u0103tor la plasarea unei comenzi;<\/p><p>- pentru \u00eent\u00e2rzieri \u0219i \u00eentreruperi \u00een furnizarea serviciilor (procesarea comenzilor \u0219i furnizarea serviciilor) care apar din motive independente de voin\u021ba sa;<\/p><p>- pentru ac\u021biunile ilegale s\u0103v\u00e2r\u0219ite de Cump\u0103r\u0103tor prin utilizarea acestui acces la internet;<\/p><p>- pentru transferul de c\u0103tre Cump\u0103r\u0103tor a identificatorilor s\u0103i de re\u021bea - IP, adres\u0103 MAC, login \u0219i parol\u0103 c\u0103tre ter\u021be p\u0103r\u021bi;<\/p><p>8.3. Cump\u0103r\u0103torul, utiliz\u00e2nd accesul la internet care i-a fost pus la dispozi\u021bie, este singurul responsabil pentru daunele cauzate prin ac\u021biunile sale (personal, chiar dac\u0103 o alt\u0103 persoan\u0103 era conectat\u0103) persoanelor sau bunurilor acestora, persoanelor juridice, statului sau principiilor morale de moralitate.<\/p><p>8.4. \u00cen caz de for\u021b\u0103 major\u0103, p\u0103r\u021bile sunt exceptate de la \u00eendeplinirea condi\u021biilor prezentului acord. \u00cen sensul prezentului acord, circumstan\u021be de for\u021b\u0103 major\u0103 \u00eenseamn\u0103 evenimente de natur\u0103 extraordinar\u0103, neprev\u0103zute, care exclud sau interfereaz\u0103 \u00een mod obiectiv cu executarea prezentului acord, a c\u0103ror apari\u021bie p\u0103r\u021bile nu ar fi putut-o prevedea \u0219i preveni prin mijloace rezonabile.<\/p><p>8.5. P\u0103r\u021bile vor depune toate eforturile pentru a solu\u021biona orice dezacord exclusiv prin negocieri.<\/p><p><strong>9. Al\u021bi termeni \u0219i condi\u021bii<\/strong><br \/>9.1. Magazinul online \u00ee\u0219i rezerv\u0103 dreptul de a modifica unilateral prezentul acord, sub rezerva public\u0103rii sale prealabile pe site\u00a0<a href=\"https:\/\/millijon.ua\/ro\/\">https:\/\/millijon.ua<\/a><\/p><p>9.2. Magazinul online este conceput pentru a oferi o metod\u0103 de v\u00e2nzare la distan\u021b\u0103 a serviciilor prin intermediul internetului.<\/p><p>9.3. Cump\u0103r\u0103torul este responsabil pentru exactitatea informa\u021biilor specificate atunci c\u00e2nd plaseaz\u0103 o comand\u0103. \u00cen acela\u0219i timp, atunci c\u00e2nd face o acceptare (plasarea unei comenzi \u0219i plata ulterioar\u0103 a serviciului), Cump\u0103r\u0103torul d\u0103 V\u00e2nz\u0103torului consim\u021b\u0103m\u00e2ntul s\u0103u necondi\u021bionat pentru colectarea, prelucrarea, stocarea, utilizarea datelor sale personale, \u00een sensul Legii Ucrainei \"privind protec\u021bia datelor cu caracter personal\".<\/p><p>9.4. Plata de c\u0103tre Cump\u0103r\u0103tor a comenzii plasate \u00een magazinul online \u00eenseamn\u0103 consim\u021b\u0103m\u00e2ntul deplin al Cump\u0103r\u0103torului la termenii contractului de v\u00e2nzare-cump\u0103rare (ofert\u0103 public\u0103)<\/p><p>9.5. Data efectiv\u0103 a acordului electronic dintre p\u0103r\u021bi este data accept\u0103rii termenilor \u0219i condi\u021biilor, \u00een conformitate cu articolul 11 din Legea Ucrainei \"privind comer\u021bul electronic\"<\/p><p>9.6. Utilizarea resursei Magazin online pentru previzualizarea fotografiei serviciului, precum \u0219i pentru plasarea unei comenzi pentru cump\u0103r\u0103tor este gratuit\u0103.<\/p><p>9.7. Informa\u021biile furnizate de Cump\u0103r\u0103tor sunt confiden\u021biale. Magazinul online utilizeaz\u0103 informa\u021biile despre Cump\u0103r\u0103tor exclusiv \u00een scopul proces\u0103rii comenzii, trimiterii de notific\u0103ri c\u0103tre Cump\u0103r\u0103tor, livr\u0103rii serviciului, efectu\u0103rii decont\u0103rilor etc.<\/p><p><strong>10.Durata acordului<\/strong><br \/>10.1 Un acord electronic se consider\u0103 \u00eencheiat din momentul \u00een care persoana care a trimis propunerea de a \u00eencheia un astfel de acord prime\u0219te un r\u0103spuns privind acceptarea acestei propuneri \u00een conformitate cu procedura stabilit\u0103 \u00een partea a \u0219asea a articolului 11 din Legea Ucrainei \"privind comer\u021bul electronic\".<\/p><p>10.2. \u00cenainte de expirarea termenului, prezentul acord poate fi reziliat de comun acord de c\u0103tre p\u0103r\u021bi p\u00e2n\u0103 la furnizarea efectiv\u0103 a serviciului, prin rambursarea fondurilor.<\/p><p>10.3. P\u0103r\u021bile au dreptul de a denun\u021ba unilateral prezentul acord \u00een cazul nerespect\u0103rii condi\u021biilor acestuia de c\u0103tre una dintre p\u0103r\u021bi \u0219i \u00een cazurile prev\u0103zute de legisla\u021bia \u00een vigoare din Ucraina.<\/p><p>\u00a0<\/p><p><strong>DETALIILE V\u00c2NZ\u0102TORULUI<\/strong><\/p><p>Numele beneficiarului: \u00centreprinz\u0103tor individual Fed I.I.<br \/>Codul destinatarului: 2694015411<br \/>Contul destinatarului \u00een formatul \u00een conformitate cu standardul IBAN: UA933052990000026003023602311<\/p><p>Numele b\u0103ncii: JSC CB PrivatBank<br \/>Adresa de po\u0219t\u0103 electronic\u0103 (e-mail): info@millijon.ua<\/p><p>\u00a0<\/p>\t\t\t\t\t\t\t\t<\/div>\n\t\t\t\t<\/div>\n\t\t\t\t\t<\/div>\n\t\t<\/div>\n\t\t\t\t\t<\/div>\n\t\t<\/section>\n\t\t<div class=\"elementor-element elementor-element-d533d01 e-flex e-con-boxed e-con e-parent\" data-id=\"d533d01\" data-element_type=\"container\" data-e-type=\"container\">\n\t\t\t\t\t<div class=\"e-con-inner\">\n\t\t\t\t<div class=\"elementor-element elementor-element-0f62491 elementor-widget elementor-widget-cs_title\" data-id=\"0f62491\" data-element_type=\"widget\" data-e-type=\"widget\" data-widget_type=\"cs_title.default\">\n\t\t\t\t<div class=\"elementor-widget-container\">\n\t\t\t\t\t\n        <div class=\"cs-title-wrap text-center\">\t            <div class=\"cs-subtitle-wrap\"><span class=\"cs-subtitle\">Hotel \"Milli &amp; Jon\" \u00een Bukovel\n<\/span><\/div>\t            <h4 class=\"cs-title\">\n\t                \u00cen hotelul nostru ve\u021bi g\u0103si confort \u0219i relaxare\t            <\/h4>\t            <div class=\"cs-title-text\">\n\t                <div class=\"elementor-element elementor-element-282384bf elementor-widget elementor-widget-heading\" data-id=\"282384bf\" data-element_type=\"widget\" data-widget_type=\"heading.default\">\n<div class=\"elementor-widget-container\">\n<p class=\"elementor-heading-title elementor-size-default\" style=\"text-align: justify;\">Bukovel este cea mai mare \u0219i cea mai popular\u0103 sta\u021biune de schi din Ucraina. Situat\u0103 la o altitudine de 900-1372 de metri deasupra nivelului m\u0103rii \u00een Carpa\u021bi, aceasta ofer\u0103 vizitatorilor o gam\u0103 larg\u0103 de p\u00e2rtii de schi, hoteluri confortabile \u0219i centre de recreere, precum \u0219i multe alte atrac\u021bii. Bukovel este renumit pentru activit\u0103\u021bile sale de iarn\u0103. Sta\u021biunea de schi are mai mult de 60 de p\u00e2rtii cu diferite niveluri de dificultate, ceea ce atrage at\u00e2t \u00eencep\u0103torii, c\u00e2t \u0219i schiorii experimenta\u021bi. \u00cen plus, exist\u0103 multe lifturi pe teritoriul sta\u021biunii, care ofer\u0103 o urcare rapid\u0103 \u0219i confortabil\u0103 la munte. V\u0103 a\u0219tept\u0103m la Hotelul Milli &amp; Jon din Bukovel<\/p>\n<\/div>\n<\/div>\t            <\/div>                <div class=\"cs-title-btn\">\n                    <a class=\"button elementor-button-link\" role=\"button\" href=\"https:\/\/millijon.ua\/ro\/camere\/\">\n                        <span class=\"cs-btn-text\">Cite\u0219te mai mult<\/span>                    <\/a>\n                <\/div>\n                    <\/div>\t\t\t\t<\/div>\n\t\t\t\t<\/div>\n\t\t\t\t\t<\/div>\n\t\t\t\t<\/div>\n\t\t\t\t<\/div>","protected":false},"excerpt":{"rendered":"<p>\u0413\u043e\u0442\u0435\u043b\u044c &#8220;Milli &#038; Jon&#8221; \u0443 \u0411\u0443\u043a\u043e\u0432\u0435\u043b\u0456 \u0414\u043e\u0433\u043e\u0432\u0456\u0440 \u043f\u0443\u0431\u043b\u0456\u0447\u043d\u043e\u0457 \u043e\u0444\u0435\u0440\u0442\u0438 \u0414\u043e\u0433\u043e\u0432\u0456\u0440 \u043f\u0443\u0431\u043b\u0456\u0447\u043d\u043e\u0457 \u043e\u0444\u0435\u0440\u0442\u0438 \u041f\u0423\u0411\u041b\u0406\u0427\u041d\u0410 \u041e\u0424\u0415\u0420\u0422\u0410 \u2013 \u0414\u041e\u0413\u041e\u0412\u0406\u0420 \u041d\u0410 \u041d\u0410\u0414\u0410\u041d\u041d\u042f \u041f\u041e\u0421\u041b\u0423\u0413 \u0417 \u0411\u0420\u041e\u041d\u042e\u0412\u0410\u041d\u041d\u042f 1.\u0417\u0430\u0433\u0430\u043b\u044c\u043d\u0456 \u043f\u043e\u043b\u043e\u0436\u0435\u043d\u043d\u044f 1.1. \u0421\u043f\u0440\u0430\u0432\u0436\u043d\u044f \u043e\u0444\u0435\u0440\u0442\u0430, \u0454 \u043e\u0444\u0456\u0446\u0456\u0439\u043d\u043e\u044e \u043f\u0440\u043e\u043f\u043e\u0437\u0438\u0446\u0456\u0454\u044e\u00a0 \u00abhttps:\/\/millijon.ua\u00bb, \u0434\u0430\u043b\u0456 \u0437\u0430 \u0442\u0435\u043a\u0441\u0442\u043e\u043c \u2013 \u00ab\u041f\u0440\u043e\u0434\u0430\u0432\u0435\u0446\u044c\u00bb, \u0443\u043a\u043b\u0430\u0441\u0442\u0438 \u0414\u043e\u0433\u043e\u0432\u0456\u0440 \u043a\u0443\u043f\u0456\u0432\u043b\u0456-\u043f\u0440\u043e\u0434\u0430\u0436\u0443 \u043f\u043e\u0441\u043b\u0443\u0433 \u0434\u0438\u0441\u0442\u0430\u043d\u0446\u0456\u0439\u043d\u0438\u043c \u0441\u043f\u043e\u0441\u043e\u0431\u043e\u043c, \u0442\u043e\u0431\u0442\u043e \u0447\u0435\u0440\u0435\u0437 \u0406\u043d\u0442\u0435\u0440\u043d\u0435\u0442-\u043c\u0430\u0433\u0430\u0437\u0438\u043d, \u0434\u0430\u043b\u0456 \u043f\u043e \u0442\u0435\u043a\u0441\u0442\u0443 \u2013 \u00ab\u0414\u043e\u0433\u043e\u0432\u0456\u0440\u00bb, \u0456 \u0440\u043e\u0437\u043c\u0456\u0449\u0443\u0454 \u041f\u0443\u0431\u043b\u0456\u0447\u043d\u0443 \u043e\u0444\u0435\u0440\u0442\u0443 (\u043f\u0440\u043e\u043f\u043e\u0437\u0438\u0446\u0456\u044e) \u043d\u0430 &#8230;<\/p>","protected":false},"author":1,"featured_media":0,"parent":0,"menu_order":199,"comment_status":"closed","ping_status":"closed","template":"template-wide-content.php","meta":{"cozystay_single_page_hide_site_header":"","cozystay_single_page_site_header_source":"","cozystay_single_page_custom_site_header":"0","cozystay_single_page_custom_sticky_site_header":"0","cozystay_single_page_hide_page_title":"on","cozystay_single_page_header_section_size":"","cozystay_single_page_header_background_color":"","cozystay_single_page_header_background_position_x":"center","cozystay_single_page_header_background_position_y":"center","cozystay_single_page_header_background_size":"cover","cozystay_single_page_header_background_repeat":"off","cozystay_single_page_header_background_scroll":"on","cozystay_single_page_header_text_color":"","cozystay_single_page_header_show_breadcrumb":"","cozystay_single_page_site_footer_hide_main":"","cozystay_single_custom_site_footer_main_source":"","cozystay_single_custom_site_footer_main":"0","cozystay_single_page_site_footer_hide_above":"","cozystay_single_custom_site_footer_above_source":"","cozystay_single_custom_site_footer_above":"0","cozystay_single_page_site_footer_hide_instagram":"","cozystay_single_page_site_footer_hide_bottom":"","cozystay_single_custom_mobile_menu_source":"","cozystay_single_custom_mobile_menu":"0","cozystay_single_custom_mobile_menu_animation":"","cozystay_single_custom_mobile_menu_width":"","cozystay_single_custom_mobile_menu_custom_width":375,"footnotes":"","_links_to":"","_links_to_target":""},"class_list":["post-2481","page","type-page","status-publish","hentry"],"_links":{"self":[{"href":"https:\/\/millijon.ua\/ro\/wp-json\/wp\/v2\/pages\/2481","targetHints":{"allow":["GET"]}}],"collection":[{"href":"https:\/\/millijon.ua\/ro\/wp-json\/wp\/v2\/pages"}],"about":[{"href":"https:\/\/millijon.ua\/ro\/wp-json\/wp\/v2\/types\/page"}],"author":[{"embeddable":true,"href":"https:\/\/millijon.ua\/ro\/wp-json\/wp\/v2\/users\/1"}],"replies":[{"embeddable":true,"href":"https:\/\/millijon.ua\/ro\/wp-json\/wp\/v2\/comments?post=2481"}],"version-history":[{"count":0,"href":"https:\/\/millijon.ua\/ro\/wp-json\/wp\/v2\/pages\/2481\/revisions"}],"wp:attachment":[{"href":"https:\/\/millijon.ua\/ro\/wp-json\/wp\/v2\/media?parent=2481"}],"curies":[{"name":"wp","href":"https:\/\/api.w.org\/{rel}","templated":true}]}}