{"id":2218,"date":"2025-05-19T22:37:49","date_gmt":"2025-05-19T19:37:49","guid":{"rendered":"https:\/\/millijon.ua\/?page_id=2218"},"modified":"2025-11-10T14:23:20","modified_gmt":"2025-11-10T12:23:20","slug":"vakansiyi-in-bukovel","status":"publish","type":"page","link":"https:\/\/millijon.ua\/ro\/hotel\/vakansiyi-v-bukoveli\/","title":{"rendered":"Locuri de munc\u0103 vacante \u00een Bukovel"},"content":{"rendered":"<div data-elementor-type=\"wp-page\" data-elementor-id=\"2218\" class=\"elementor elementor-2218\" data-elementor-post-type=\"page\">\n\t\t\t\t\t\t<section class=\"elementor-section elementor-top-section elementor-element elementor-element-75739ccd elementor-section-height-min-height cs-section-content-fullwidth cs-parallax-on-scroll cs_scroll_y_80 elementor-section-boxed elementor-section-height-default elementor-section-items-middle\" data-id=\"75739ccd\" data-element_type=\"section\" data-e-type=\"section\" data-settings=\"{&quot;background_background&quot;:&quot;classic&quot;}\" data-cs-parallax-y=\"80\" style=\"background-image: none;\" data-cs-background-image=\"https:\/\/millijon.ua\/wp-content\/uploads\/2025\/05\/workers.webp\" data-cs-background-image-alt-text=\"\">\n\t\t\t\t\t\t\t<div class=\"elementor-background-overlay\"><\/div>\n\t\t\t\t\t\t\t<div class=\"elementor-container elementor-column-gap-no\">\n\t\t\t\t\t<div class=\"elementor-column elementor-col-100 elementor-top-column elementor-element elementor-element-71304ae dark-color\" data-id=\"71304ae\" data-element_type=\"column\" data-e-type=\"column\">\n\t\t\t<div class=\"elementor-widget-wrap elementor-element-populated\">\n\t\t\t\t\t\t<div class=\"elementor-element elementor-element-2b73b0d6 elementor-widget elementor-widget-cs_title\" data-id=\"2b73b0d6\" data-element_type=\"widget\" data-e-type=\"widget\" data-widget_type=\"cs_title.default\">\n\t\t\t\t<div class=\"elementor-widget-container\">\n\t\t\t\t\t\n        <div class=\"cs-title-wrap text-center\">\t            <div class=\"cs-subtitle-wrap\"><span class=\"cs-subtitle color-white\">Hotel \"Milli &amp; Jon\" \u00een Bukovel<\/span><\/div>\t            <h1 class=\"cs-title\">\n\t                Locuri de munc\u0103 vacante \u00een Bukovel\n\t            <\/h1>\t            <div class=\"cs-title-text\">\n\t                <p>Al\u0103tura\u021bi-v\u0103 echipei care creeaz\u0103 adev\u0103rata ospitalitate.<\/p>\t            <\/div>        <\/div>\t\t\t\t<\/div>\n\t\t\t\t<\/div>\n\t\t\t\t\t<\/div>\n\t\t<\/div>\n\t\t\t\t\t<\/div>\n\t\t<\/section>\n\t\t\t\t<section class=\"elementor-section elementor-top-section elementor-element elementor-element-2ecd8537 elementor-section-content-middle cs-section-content-fullwidth elementor-section-boxed elementor-section-height-default elementor-section-height-default\" data-id=\"2ecd8537\" data-element_type=\"section\" data-e-type=\"section\" data-settings=\"{&quot;background_background&quot;:&quot;classic&quot;}\">\n\t\t\t\t\t\t<div class=\"elementor-container elementor-column-gap-no\">\n\t\t\t\t\t<div class=\"elementor-column elementor-col-100 elementor-top-column elementor-element elementor-element-3c6b7252\" data-id=\"3c6b7252\" data-element_type=\"column\" data-e-type=\"column\">\n\t\t\t<div class=\"elementor-widget-wrap elementor-element-populated\">\n\t\t\t\t\t\t<div class=\"elementor-element elementor-element-4cf4269f elementor-widget elementor-widget-cs_title\" data-id=\"4cf4269f\" data-element_type=\"widget\" data-e-type=\"widget\" data-widget_type=\"cs_title.default\">\n\t\t\t\t<div class=\"elementor-widget-container\">\n\t\t\t\t\t\n        <div class=\"cs-title-wrap text-left text-center-mobile\">\t            <div class=\"cs-subtitle-wrap\"><span class=\"cs-subtitle\">Hotel \"Milli &amp; Jon\" \u00een Bukovel<\/span><\/div>\t            <h3 class=\"cs-title\">\n\t                Locuri de munc\u0103 vacante \u00een Bukovel\n\t            <\/h3>\t            <div class=\"cs-title-text\">\n\t                <p style=\"text-align: justify;\">Al\u0103tura\u021bi-v\u0103 echipei care creeaz\u0103 adev\u0103rata ospitalitate.<br \/>C\u0103ut\u0103m persoane responsabile, sincere \u0219i motivate, care doresc s\u0103 lucreze \u00eentr-un hotel confortabil din Mun\u021bii Carpa\u021bi. Dac\u0103 visezi s\u0103 lucrezi \u00een Bukovel, pre\u021buie\u0219ti serviciile, integritatea \u0219i atmosfera de echip\u0103, Milli &amp; Jon poate fi noua ta cas\u0103 profesional\u0103. Consulta\u021bi posturile vacante \u0219i aplica\u021bi online.<\/p>\t            <\/div>        <\/div>\t\t\t\t<\/div>\n\t\t\t\t<\/div>\n\t\t\t\t<div class=\"elementor-element elementor-element-1640b2e elementor-widget__width-auto elementor-widget elementor-widget-button\" data-id=\"1640b2e\" data-element_type=\"widget\" data-e-type=\"widget\" data-widget_type=\"button.default\">\n\t\t\t\t<div class=\"elementor-widget-container\">\n\t\t\t\t\t\t\t\t\t<div class=\"elementor-button-wrapper\">\n\t\t\t\t\t<a class=\"elementor-button elementor-button-link elementor-size-sm\" href=\"tel:+380968929749\">\n\t\t\t\t\t\t<span class=\"elementor-button-content-wrapper\">\n\t\t\t\t\t\t<span class=\"elementor-button-icon\">\n\t\t\t\t<svg aria-hidden=\"true\" class=\"e-font-icon-svg e-fas-phone-alt\" viewbox=\"0 0 512 512\" xmlns=\"http:\/\/www.w3.org\/2000\/svg\"><path d=\"M497.39 361.8l-112-48a24 24 0 0 0-28 6.9l-49.6 60.6A370.66 370.66 0 0 1 130.6 204.11l60.6-49.6a23.94 23.94 0 0 0 6.9-28l-48-112A24.16 24.16 0 0 0 122.6.61l-104 24A24 24 0 0 0 0 48c0 256.5 207.9 464 464 464a24 24 0 0 0 23.4-18.6l24-104a24.29 24.29 0 0 0-14.01-27.6z\"><\/path><\/svg>\t\t\t<\/span>\n\t\t\t\t\t\t\t\t\t<span class=\"elementor-button-text\">+380968929749<\/span>\n\t\t\t\t\t<\/span>\n\t\t\t\t\t<\/a>\n\t\t\t\t<\/div>\n\t\t\t\t\t\t\t\t<\/div>\n\t\t\t\t<\/div>\n\t\t\t\t<div class=\"elementor-element elementor-element-6257a22 elementor-widget__width-auto elementor-widget elementor-widget-button\" data-id=\"6257a22\" data-element_type=\"widget\" data-e-type=\"widget\" data-widget_type=\"button.default\">\n\t\t\t\t<div class=\"elementor-widget-container\">\n\t\t\t\t\t\t\t\t\t<div class=\"elementor-button-wrapper\">\n\t\t\t\t\t<a class=\"elementor-button elementor-button-link elementor-size-sm\" href=\"mailto:reception@milliandjon.com.ua\">\n\t\t\t\t\t\t<span class=\"elementor-button-content-wrapper\">\n\t\t\t\t\t\t<span class=\"elementor-button-icon\">\n\t\t\t\t<svg aria-hidden=\"true\" class=\"e-font-icon-svg e-fas-envelope\" viewbox=\"0 0 512 512\" xmlns=\"http:\/\/www.w3.org\/2000\/svg\"><path d=\"M502.3 190.8c3.9-3.1 9.7-.2 9.7 4.7V400c0 26.5-21.5 48-48 48H48c-26.5 0-48-21.5-48-48V195.6c0-5 5.7-7.8 9.7-4.7 22.4 17.4 52.1 39.5 154.1 113.6 21.1 15.4 56.7 47.8 92.2 47.6 35.7.3 72-32.8 92.3-47.6 102-74.1 131.6-96.3 154-113.7zM256 320c23.2.4 56.6-29.2 73.4-41.4 132.7-96.3 142.8-104.7 173.4-128.7 5.8-4.5 9.2-11.5 9.2-18.9v-19c0-26.5-21.5-48-48-48H48C21.5 64 0 85.5 0 112v19c0 7.4 3.4 14.3 9.2 18.9 30.6 23.9 40.7 32.4 173.4 128.7 16.8 12.2 50.2 41.8 73.4 41.4z\"><\/path><\/svg>\t\t\t<\/span>\n\t\t\t\t\t\t\t\t\t<span class=\"elementor-button-text\">reception@milliandjon.com.ua<\/span>\n\t\t\t\t\t<\/span>\n\t\t\t\t\t<\/a>\n\t\t\t\t<\/div>\n\t\t\t\t\t\t\t\t<\/div>\n\t\t\t\t<\/div>\n\t\t\t\t\t<\/div>\n\t\t<\/div>\n\t\t\t\t\t<\/div>\n\t\t<\/section>\n\t\t<div class=\"elementor-element elementor-element-87c5e28 e-flex e-con-boxed e-con e-parent\" data-id=\"87c5e28\" data-element_type=\"container\" data-e-type=\"container\">\n\t\t\t\t\t<div class=\"e-con-inner\">\n\t\t\t\t<div class=\"elementor-element elementor-element-63fdef9 elementor-widget elementor-widget-text-editor\" data-id=\"63fdef9\" data-element_type=\"widget\" data-e-type=\"widget\" data-widget_type=\"text-editor.default\">\n\t\t\t\t<div class=\"elementor-widget-container\">\n\t\t\t\t\t\t\t\t\t<h3 data-start=\"228\" data-end=\"276\">Al\u0103tura\u021bi-v\u0103 echipei de la Milli &amp; Jon Hotel<\/h3><p data-start=\"278\" data-end=\"648\"><strong data-start=\"278\" data-end=\"366\">Sunte\u021bi \u00een c\u0103utarea unui loc de munc\u0103 \u00een mun\u021bi cu condi\u021bii confortabile, salariu decent \u0219i o atmosfer\u0103 prietenoas\u0103?<\/strong><br data-start=\"366\" data-end=\"369\" \/>Hotel. <strong data-start=\"376\" data-end=\"391\">Milli &amp; Jon<\/strong> din inima ora\u0219ului Bukovel recruteaz\u0103 pentru posturi sezoniere \u0219i permanente. Apreciem profesionalismul, responsabilitatea \u0219i dorin\u021ba de a lucra pentru rezultate - \u00een schimb, garant\u0103m <strong data-start=\"572\" data-end=\"647\">un loc de munc\u0103 oficial, cazare, mas\u0103 \u0219i un salariu stabil<\/strong>.<\/p><p data-start=\"650\" data-end=\"757\">Echipa noastr\u0103 nu este format\u0103 doar din angaja\u021bi, ci din oameni care \u00eempreun\u0103 creeaz\u0103 o atmosfer\u0103 de grij\u0103 \u0219i servicii pentru oaspe\u021bii no\u0219tri.<\/p><table class=\"w-fit min-w-(--thread-content-width)\" data-start=\"1060\" data-end=\"2395\"><thead data-start=\"1060\" data-end=\"1204\"><tr data-start=\"1060\" data-end=\"1204\"><th data-start=\"1060\" data-end=\"1065\" data-col-size=\"sm\">\u2116<\/th><th data-start=\"1065\" data-end=\"1093\" data-col-size=\"sm\">Pozi\u021bia.<\/th><th data-start=\"1093\" data-end=\"1155\" data-col-size=\"md\">Responsabilit\u0103\u021bi principale<\/th><th data-start=\"1155\" data-end=\"1169\" data-col-size=\"sm\">Experien\u021b\u0103<\/th><th data-start=\"1169\" data-end=\"1186\" data-col-size=\"sm\">Program.<\/th><th data-start=\"1186\" data-end=\"1204\" data-col-size=\"sm\">Salariu (de la)<\/th><\/tr><\/thead><tbody data-start=\"1354\" data-end=\"2395\"><tr data-start=\"1354\" data-end=\"1502\"><td data-start=\"1354\" data-end=\"1359\" data-col-size=\"sm\">1<\/td><td data-col-size=\"sm\" data-start=\"1359\" data-end=\"1388\">Recep\u021bioner administrator<\/td><td data-col-size=\"md\" data-start=\"1388\" data-end=\"1450\">Primirea oaspe\u021bilor, \u00eenregistrarea caz\u0103rii, lucrul cu rezerv\u0103rile<\/td><td data-col-size=\"sm\" data-start=\"1450\" data-end=\"1465\">de la 1 an<\/td><td data-col-size=\"sm\" data-start=\"1465\" data-end=\"1483\">2\/2 sau 7\/7<\/td><td data-col-size=\"sm\" data-start=\"1483\" data-end=\"1502\">contractual<\/td><\/tr><tr data-start=\"1503\" data-end=\"1651\"><td data-start=\"1503\" data-end=\"1508\" data-col-size=\"sm\">2<\/td><td data-col-size=\"sm\" data-start=\"1508\" data-end=\"1537\">Menajer\u0103<\/td><td data-col-size=\"md\" data-start=\"1537\" data-end=\"1599\">Cur\u0103\u021barea camerei, schimbarea lenjeriei de pat, men\u021binerea cur\u0103\u021beniei<\/td><td data-col-size=\"sm\" data-start=\"1599\" data-end=\"1614\">de preferin\u021b\u0103<\/td><td data-col-size=\"sm\" data-start=\"1614\" data-end=\"1632\">5\/2 sau 7\/7<\/td><td data-col-size=\"sm\" data-start=\"1632\" data-end=\"1651\">contractual<\/td><\/tr><tr data-start=\"1652\" data-end=\"1803\"><td data-start=\"1652\" data-end=\"1657\" data-col-size=\"sm\">3<\/td><td data-col-size=\"sm\" data-start=\"1657\" data-end=\"1686\">Osp\u0103tar<\/td><td data-col-size=\"md\" data-start=\"1686\" data-end=\"1748\">Restaurant service, servire, servire comenzi<\/td><td data-col-size=\"sm\" data-start=\"1748\" data-end=\"1763\">de preferin\u021b\u0103<\/td><td data-col-size=\"sm\" data-start=\"1763\" data-end=\"1780\">variabil\u0103<\/td><td data-col-size=\"sm\" data-start=\"1780\" data-end=\"1803\">negociabil + bac\u0219i\u0219uri<\/td><\/tr><tr data-start=\"1804\" data-end=\"1951\"><td data-start=\"1804\" data-end=\"1809\" data-col-size=\"sm\">4<\/td><td data-start=\"1809\" data-end=\"1838\" data-col-size=\"sm\">Buc\u0103tar<\/td><td data-col-size=\"md\" data-start=\"1838\" data-end=\"1900\">G\u0103tit conform meniului (buc\u0103t\u0103rie de cas\u0103 \/ Hutsul)<\/td><td data-col-size=\"sm\" data-start=\"1900\" data-end=\"1915\">de la 2 ani<\/td><td data-col-size=\"sm\" data-start=\"1915\" data-end=\"1932\">5\/2<\/td><td data-col-size=\"sm\" data-start=\"1932\" data-end=\"1951\">contractual<\/td><\/tr><tr data-start=\"1952\" data-end=\"2099\"><td data-start=\"1952\" data-end=\"1957\" data-col-size=\"sm\">5<\/td><td data-col-size=\"sm\" data-start=\"1957\" data-end=\"1986\">Ajutor de buc\u0103tar<\/td><td data-col-size=\"md\" data-start=\"1986\" data-end=\"2048\">T\u0103ierea, prepararea alimentelor, men\u021binerea cur\u0103\u021beniei<\/td><td data-col-size=\"sm\" data-start=\"2048\" data-end=\"2063\">de preferin\u021b\u0103<\/td><td data-col-size=\"sm\" data-start=\"2063\" data-end=\"2080\">5\/2<\/td><td data-col-size=\"sm\" data-start=\"2080\" data-end=\"2099\">contractual<\/td><\/tr><tr data-start=\"2100\" data-end=\"2247\"><td data-start=\"2100\" data-end=\"2105\" data-col-size=\"sm\">6<\/td><td data-col-size=\"sm\" data-start=\"2105\" data-end=\"2134\">Maestru la fa\u021ba locului<\/td><td data-col-size=\"md\" data-start=\"2134\" data-end=\"2196\">Repara\u021bii minore, cur\u0103\u021barea z\u0103pezii, \u00eentre\u021binerea echipamentelor<\/td><td data-col-size=\"sm\" data-start=\"2196\" data-end=\"2211\">de preferin\u021b\u0103<\/td><td data-col-size=\"sm\" data-start=\"2211\" data-end=\"2228\">5\/2<\/td><td data-col-size=\"sm\" data-start=\"2228\" data-end=\"2247\">contractual<\/td><\/tr><tr data-start=\"2248\" data-end=\"2395\"><td data-start=\"2248\" data-end=\"2253\" data-col-size=\"sm\">7<\/td><td data-col-size=\"sm\" data-start=\"2253\" data-end=\"2282\">Maseur terapeut \/ specialist SPA<\/td><td data-col-size=\"md\" data-start=\"2282\" data-end=\"2344\">Servicii de masaj, men\u021binerea cur\u0103\u021beniei \u00een zona de relaxare<\/td><td data-col-size=\"sm\" data-start=\"2344\" data-end=\"2359\">certificat<\/td><td data-col-size=\"sm\" data-start=\"2359\" data-end=\"2376\">prin programare<\/td><td data-col-size=\"sm\" data-start=\"2376\" data-end=\"2395\">contractual<\/td><\/tr><\/tbody><\/table>\t\t\t\t\t\t\t\t<\/div>\n\t\t\t\t<\/div>\n\t\t\t\t<div class=\"elementor-element elementor-element-9d78f4b elementor-widget elementor-widget-heading\" data-id=\"9d78f4b\" data-element_type=\"widget\" data-e-type=\"widget\" data-widget_type=\"heading.default\">\n\t\t\t\t<div class=\"elementor-widget-container\">\n\t\t\t\t\t<h2 class=\"elementor-heading-title elementor-size-default\">Noi oferim:<\/h2>\t\t\t\t<\/div>\n\t\t\t\t<\/div>\n\t\t\t\t<div class=\"elementor-element elementor-element-e591850 elementor-widget elementor-widget-text-editor\" data-id=\"e591850\" data-element_type=\"widget\" data-e-type=\"widget\" data-widget_type=\"text-editor.default\">\n\t\t\t\t<div class=\"elementor-widget-container\">\n\t\t\t\t\t\t\t\t\t<ul><li data-start=\"784\" data-end=\"1025\">Condi\u021bii de via\u021b\u0103 confortabile pe teritoriul hotelului<\/li><li data-start=\"784\" data-end=\"1025\">M\u0103n\u00e2nc\u0103 de 2-3 ori pe zi<\/li><li data-start=\"784\" data-end=\"1025\">Salariu stabil (2 pl\u0103\u021bi pe lun\u0103)<\/li><li data-start=\"784\" data-end=\"1025\">Program flexibil \u0219i sprijin din partea administra\u021biei<\/li><li data-start=\"784\" data-end=\"1025\">Oportunitatea de a lucra \u00een unul dintre cele mai bune hoteluri din Bukovel<\/li><\/ul>\t\t\t\t\t\t\t\t<\/div>\n\t\t\t\t<\/div>\n\t\t\t\t\t<\/div>\n\t\t\t\t<\/div>\n\t\t\t\t<\/div>","protected":false},"excerpt":{"rendered":"<p>\u0413\u043e\u0442\u0435\u043b\u044c \u00abMilli &#038; Jon\u00bb \u0443 \u0411\u0443\u043a\u043e\u0432\u0435\u043b\u0456 \u0412\u0430\u043a\u0430\u043d\u0441\u0456\u0457 \u0432 \u0411\u0443\u043a\u043e\u0432\u0435\u043b\u0456 \u041f\u0440\u0438\u0454\u0434\u043d\u0443\u0439\u0442\u0435\u0441\u044c \u0434\u043e \u043a\u043e\u043c\u0430\u043d\u0434\u0438, \u044f\u043a\u0430 \u0441\u0442\u0432\u043e\u0440\u044e\u0454 \u0441\u043f\u0440\u0430\u0432\u0436\u043d\u044e \u0433\u043e\u0441\u0442\u0438\u043d\u043d\u0456\u0441\u0442\u044c. \u0413\u043e\u0442\u0435\u043b\u044c \u00abMilli &#038; Jon\u00bb \u0443 \u0411\u0443\u043a\u043e\u0432\u0435\u043b\u0456 \u0412\u0430\u043a\u0430\u043d\u0441\u0456\u0457 \u0432 \u0411\u0443\u043a\u043e\u0432\u0435\u043b\u0456 \u041f\u0440\u0438\u0454\u0434\u043d\u0443\u0439\u0442\u0435\u0441\u044c \u0434\u043e \u043a\u043e\u043c\u0430\u043d\u0434\u0438, \u044f\u043a\u0430 \u0441\u0442\u0432\u043e\u0440\u044e\u0454 \u0441\u043f\u0440\u0430\u0432\u0436\u043d\u044e \u0433\u043e\u0441\u0442\u0438\u043d\u043d\u0456\u0441\u0442\u044c.\u041c\u0438 \u0448\u0443\u043a\u0430\u0454\u043c\u043e \u0432\u0456\u0434\u043f\u043e\u0432\u0456\u0434\u0430\u043b\u044c\u043d\u0438\u0445, \u0449\u0438\u0440\u0438\u0445 \u0456 \u043c\u043e\u0442\u0438\u0432\u043e\u0432\u0430\u043d\u0438\u0445 \u043b\u044e\u0434\u0435\u0439, \u044f\u043a\u0456 \u0445\u043e\u0447\u0443\u0442\u044c \u043f\u0440\u0430\u0446\u044e\u0432\u0430\u0442\u0438 \u0432 \u043a\u043e\u043c\u0444\u043e\u0440\u0442\u043d\u043e\u043c\u0443 \u0433\u043e\u0442\u0435\u043b\u0456 \u0441\u0435\u0440\u0435\u0434 \u043a\u0430\u0440\u043f\u0430\u0442\u0441\u044c\u043a\u0438\u0445 \u0433\u0456\u0440. \u042f\u043a\u0449\u043e \u0432\u0438 \u043c\u0440\u0456\u0454\u0442\u0435 \u043f\u0440\u043e \u0440\u043e\u0431\u043e\u0442\u0443 \u0432 \u0411\u0443\u043a\u043e\u0432\u0435\u043b\u0456, \u0446\u0456\u043d\u0443\u0454\u0442\u0435 &#8230;<\/p>","protected":false},"author":1,"featured_media":0,"parent":2073,"menu_order":5,"comment_status":"closed","ping_status":"closed","template":"template-wide-content.php","meta":{"cozystay_single_page_hide_site_header":"","cozystay_single_page_site_header_source":"","cozystay_single_page_custom_site_header":"0","cozystay_single_page_custom_sticky_site_header":"0","cozystay_single_page_hide_page_title":"on","cozystay_single_page_header_section_size":"","cozystay_single_page_header_background_color":"","cozystay_single_page_header_background_position_x":"center","cozystay_single_page_header_background_position_y":"center","cozystay_single_page_header_background_size":"cover","cozystay_single_page_header_background_repeat":"off","cozystay_single_page_header_background_scroll":"on","cozystay_single_page_header_text_color":"","cozystay_single_page_header_show_breadcrumb":"","cozystay_single_page_site_footer_hide_main":"","cozystay_single_custom_site_footer_main_source":"","cozystay_single_custom_site_footer_main":"0","cozystay_single_page_site_footer_hide_above":"","cozystay_single_custom_site_footer_above_source":"","cozystay_single_custom_site_footer_above":"0","cozystay_single_page_site_footer_hide_instagram":"","cozystay_single_page_site_footer_hide_bottom":"","cozystay_single_custom_mobile_menu_source":"","cozystay_single_custom_mobile_menu":"0","cozystay_single_custom_mobile_menu_animation":"","cozystay_single_custom_mobile_menu_width":"","cozystay_single_custom_mobile_menu_custom_width":375,"footnotes":"","_links_to":"","_links_to_target":""},"class_list":["post-2218","page","type-page","status-publish","hentry"],"_links":{"self":[{"href":"https:\/\/millijon.ua\/ro\/wp-json\/wp\/v2\/pages\/2218","targetHints":{"allow":["GET"]}}],"collection":[{"href":"https:\/\/millijon.ua\/ro\/wp-json\/wp\/v2\/pages"}],"about":[{"href":"https:\/\/millijon.ua\/ro\/wp-json\/wp\/v2\/types\/page"}],"author":[{"embeddable":true,"href":"https:\/\/millijon.ua\/ro\/wp-json\/wp\/v2\/users\/1"}],"replies":[{"embeddable":true,"href":"https:\/\/millijon.ua\/ro\/wp-json\/wp\/v2\/comments?post=2218"}],"version-history":[{"count":3,"href":"https:\/\/millijon.ua\/ro\/wp-json\/wp\/v2\/pages\/2218\/revisions"}],"predecessor-version":[{"id":4061,"href":"https:\/\/millijon.ua\/ro\/wp-json\/wp\/v2\/pages\/2218\/revisions\/4061"}],"up":[{"embeddable":true,"href":"https:\/\/millijon.ua\/ro\/wp-json\/wp\/v2\/pages\/2073"}],"wp:attachment":[{"href":"https:\/\/millijon.ua\/ro\/wp-json\/wp\/v2\/media?parent=2218"}],"curies":[{"name":"wp","href":"https:\/\/api.w.org\/{rel}","templated":true}]}}