{"id":2216,"date":"2025-05-19T22:36:40","date_gmt":"2025-05-19T19:36:40","guid":{"rendered":"https:\/\/millijon.ua\/?page_id=2216"},"modified":"2025-12-05T18:58:22","modified_gmt":"2025-12-05T16:58:22","slug":"sauna","status":"publish","type":"page","link":"https:\/\/millijon.ua\/ro\/hotel\/sauna\/","title":{"rendered":"Saun\u0103"},"content":{"rendered":"<div data-elementor-type=\"wp-page\" data-elementor-id=\"2216\" class=\"elementor elementor-2216\" data-elementor-post-type=\"page\">\n\t\t\t\t\t\t<section class=\"elementor-section elementor-top-section elementor-element elementor-element-75739ccd elementor-section-height-min-height cs-section-content-fullwidth cs-parallax-on-scroll cs_scroll_y_80 elementor-section-boxed elementor-section-height-default elementor-section-items-middle\" data-id=\"75739ccd\" data-element_type=\"section\" data-e-type=\"section\" data-settings=\"{&quot;background_background&quot;:&quot;classic&quot;}\" data-cs-parallax-y=\"80\" style=\"background-image: none;\" data-cs-background-image=\"https:\/\/millijon.ua\/wp-content\/uploads\/2025\/11\/spa-2025-133.webp\" data-cs-background-image-alt-text=\"\">\n\t\t\t\t\t\t\t<div class=\"elementor-background-overlay\"><\/div>\n\t\t\t\t\t\t\t<div class=\"elementor-container elementor-column-gap-no\">\n\t\t\t\t\t<div class=\"elementor-column elementor-col-100 elementor-top-column elementor-element elementor-element-71304ae dark-color\" data-id=\"71304ae\" data-element_type=\"column\" data-e-type=\"column\">\n\t\t\t<div class=\"elementor-widget-wrap elementor-element-populated\">\n\t\t\t\t\t\t<div class=\"elementor-element elementor-element-2b73b0d6 elementor-widget elementor-widget-cs_title\" data-id=\"2b73b0d6\" data-element_type=\"widget\" data-e-type=\"widget\" data-widget_type=\"cs_title.default\">\n\t\t\t\t<div class=\"elementor-widget-container\">\n\t\t\t\t\t\n        <div class=\"cs-title-wrap text-center\">\t            <div class=\"cs-subtitle-wrap\"><span class=\"cs-subtitle color-white\">Hotel \"Milli &amp; Jon\" \u00een Bukovel<\/span><\/div>\t            <h1 class=\"cs-title\">\n\t                Saun\u0103\n\t            <\/h1>\t            <div class=\"cs-title-text\">\n\t                <p>Spa\u021biul t\u0103u de c\u0103ldur\u0103, lini\u0219te \u0219i recuperare complet\u0103.<\/p>\t            <\/div>        <\/div>\t\t\t\t<\/div>\n\t\t\t\t<\/div>\n\t\t\t\t\t<\/div>\n\t\t<\/div>\n\t\t\t\t\t<\/div>\n\t\t<\/section>\n\t\t\t\t<section class=\"elementor-section elementor-top-section elementor-element elementor-element-2ecd8537 elementor-section-content-middle cs-section-content-fullwidth elementor-section-boxed elementor-section-height-default elementor-section-height-default\" data-id=\"2ecd8537\" data-element_type=\"section\" data-e-type=\"section\" data-settings=\"{&quot;background_background&quot;:&quot;classic&quot;}\">\n\t\t\t\t\t\t<div class=\"elementor-container elementor-column-gap-no\">\n\t\t\t\t\t<div class=\"elementor-column elementor-col-100 elementor-top-column elementor-element elementor-element-3c6b7252\" data-id=\"3c6b7252\" data-element_type=\"column\" data-e-type=\"column\">\n\t\t\t<div class=\"elementor-widget-wrap elementor-element-populated\">\n\t\t\t\t\t\t<div class=\"elementor-element elementor-element-4cf4269f elementor-widget elementor-widget-cs_title\" data-id=\"4cf4269f\" data-element_type=\"widget\" data-e-type=\"widget\" data-widget_type=\"cs_title.default\">\n\t\t\t\t<div class=\"elementor-widget-container\">\n\t\t\t\t\t\n        <div class=\"cs-title-wrap text-left text-center-mobile\">\t            <div class=\"cs-subtitle-wrap\"><span class=\"cs-subtitle\">Hotel \"Milli &amp; Jon\" \u00een Bukovel<\/span><\/div>\t            <h3 class=\"cs-title\">\n\t                Saun\u0103\n\t            <\/h3>\t            <div class=\"cs-title-text\">\n\t                <p style=\"text-align: justify;\">Saun\u0103 \u00een <strong data-start=\"223\" data-end=\"238\">Milli &amp; Jon<\/strong> - este finalul perfect al unei zile active \u00een mun\u021bi. Lemnul natural, c\u0103ldura uscat\u0103, atmosfera relaxant\u0103 \u0219i ceaiurile din Carpa\u021bi v\u0103 vor ajuta s\u0103 u\u0219ura\u021bi oboseala, s\u0103 v\u0103 \u00eembun\u0103t\u0103\u021bi\u021bi starea de bine \u0219i s\u0103 v\u0103 oferi\u021bi o relaxare real\u0103. Disponibil numai pe baz\u0103 de rezervare pentru oaspe\u021bii hotelului. Relaxa\u021bi-v\u0103 trupul \u0219i sufletul \u00eentr-un col\u021b confortabil de c\u0103ldur\u0103 printre Carpa\u021bi.<\/p>\t            <\/div>        <\/div>\t\t\t\t<\/div>\n\t\t\t\t<\/div>\n\t\t\t\t<div class=\"elementor-element elementor-element-5ab6864 elementor-widget__width-auto elementor-widget elementor-widget-button\" data-id=\"5ab6864\" data-element_type=\"widget\" data-e-type=\"widget\" data-widget_type=\"button.default\">\n\t\t\t\t<div class=\"elementor-widget-container\">\n\t\t\t\t\t\t\t\t\t<div class=\"elementor-button-wrapper\">\n\t\t\t\t\t<a class=\"elementor-button elementor-button-link elementor-size-sm\" href=\"tel:+380968929749\">\n\t\t\t\t\t\t<span class=\"elementor-button-content-wrapper\">\n\t\t\t\t\t\t<span class=\"elementor-button-icon\">\n\t\t\t\t<svg aria-hidden=\"true\" class=\"e-font-icon-svg e-fas-phone-alt\" viewbox=\"0 0 512 512\" xmlns=\"http:\/\/www.w3.org\/2000\/svg\"><path d=\"M497.39 361.8l-112-48a24 24 0 0 0-28 6.9l-49.6 60.6A370.66 370.66 0 0 1 130.6 204.11l60.6-49.6a23.94 23.94 0 0 0 6.9-28l-48-112A24.16 24.16 0 0 0 122.6.61l-104 24A24 24 0 0 0 0 48c0 256.5 207.9 464 464 464a24 24 0 0 0 23.4-18.6l24-104a24.29 24.29 0 0 0-14.01-27.6z\"><\/path><\/svg>\t\t\t<\/span>\n\t\t\t\t\t\t\t\t\t<span class=\"elementor-button-text\">+380968929749<\/span>\n\t\t\t\t\t<\/span>\n\t\t\t\t\t<\/a>\n\t\t\t\t<\/div>\n\t\t\t\t\t\t\t\t<\/div>\n\t\t\t\t<\/div>\n\t\t\t\t<div class=\"elementor-element elementor-element-fee00e2 elementor-widget__width-auto elementor-widget elementor-widget-button\" data-id=\"fee00e2\" data-element_type=\"widget\" data-e-type=\"widget\" data-widget_type=\"button.default\">\n\t\t\t\t<div class=\"elementor-widget-container\">\n\t\t\t\t\t\t\t\t\t<div class=\"elementor-button-wrapper\">\n\t\t\t\t\t<a class=\"elementor-button elementor-button-link elementor-size-sm\" href=\"mailto:reception@milliandjon.com.ua\">\n\t\t\t\t\t\t<span class=\"elementor-button-content-wrapper\">\n\t\t\t\t\t\t<span class=\"elementor-button-icon\">\n\t\t\t\t<svg aria-hidden=\"true\" class=\"e-font-icon-svg e-fas-envelope\" viewbox=\"0 0 512 512\" xmlns=\"http:\/\/www.w3.org\/2000\/svg\"><path d=\"M502.3 190.8c3.9-3.1 9.7-.2 9.7 4.7V400c0 26.5-21.5 48-48 48H48c-26.5 0-48-21.5-48-48V195.6c0-5 5.7-7.8 9.7-4.7 22.4 17.4 52.1 39.5 154.1 113.6 21.1 15.4 56.7 47.8 92.2 47.6 35.7.3 72-32.8 92.3-47.6 102-74.1 131.6-96.3 154-113.7zM256 320c23.2.4 56.6-29.2 73.4-41.4 132.7-96.3 142.8-104.7 173.4-128.7 5.8-4.5 9.2-11.5 9.2-18.9v-19c0-26.5-21.5-48-48-48H48C21.5 64 0 85.5 0 112v19c0 7.4 3.4 14.3 9.2 18.9 30.6 23.9 40.7 32.4 173.4 128.7 16.8 12.2 50.2 41.8 73.4 41.4z\"><\/path><\/svg>\t\t\t<\/span>\n\t\t\t\t\t\t\t\t\t<span class=\"elementor-button-text\">reception@milliandjon.com.ua<\/span>\n\t\t\t\t\t<\/span>\n\t\t\t\t\t<\/a>\n\t\t\t\t<\/div>\n\t\t\t\t\t\t\t\t<\/div>\n\t\t\t\t<\/div>\n\t\t\t\t\t<\/div>\n\t\t<\/div>\n\t\t\t\t\t<\/div>\n\t\t<\/section>\n\t\t<div class=\"elementor-element elementor-element-da16b8d e-flex e-con-boxed e-con e-parent\" data-id=\"da16b8d\" data-element_type=\"container\" data-e-type=\"container\">\n\t\t\t\t\t<div class=\"e-con-inner\">\n\t\t\t\t<div class=\"elementor-element elementor-element-57535e5 elementor-widget elementor-widget-text-editor\" data-id=\"57535e5\" data-element_type=\"widget\" data-e-type=\"widget\" data-widget_type=\"text-editor.default\">\n\t\t\t\t<div class=\"elementor-widget-container\">\n\t\t\t\t\t\t\t\t\t<div class=\"elementor-element elementor-element-25509ebc elementor-widget elementor-widget-text-editor\" data-id=\"25509ebc\" data-element_type=\"widget\" data-widget_type=\"text-editor.default\"><div class=\"elementor-widget-container\"><p style=\"text-align: justify;\">Sauna este o institu\u021bie cunoscut\u0103 \u00een aproape toate \u021b\u0103rile lumii \u00een zilele noastre. De exemplu, pentru finlandezi, sauna este un concept sacru, un loc \u00een care ar trebui s\u0103 domneasc\u0103 \u00eentotdeauna armonia \u0219i pacea cu corpul, unde nu ar trebui s\u0103 stabile\u0219ti rela\u021bii, cu at\u00e2t mai pu\u021bin s\u0103 te cer\u021bi. o saun\u0103 difer\u0103 de o baie ruseasc\u0103 prin aburul uscat, care \u00ee\u021bi lini\u0219te\u0219te sufletul \u0219i \u00ee\u021bi \u00eemprosp\u0103teaz\u0103 corpul obosit. Din cele mai vechi timpuri, acest loc a oferit oamenilor eliberarea de stres \u0219i refacerea for\u021bei pierdute \u00een procesul de munc\u0103 grea. Sauna noastr\u0103 din Bukovel v\u0103 ofer\u0103 cele mai bune idei moderne \u00eempreun\u0103 cu tradi\u021biile vechi pentru vacan\u021ba dumneavoastr\u0103. V\u0103 oferim servicii de \u00eenchiriere a acesteia.<\/p><p style=\"text-align: justify;\">Ast\u0103zi, oaspe\u021bii Bukovel pot \u00eencerca, de asemenea, sauna noastr\u0103 - un loc minunat unde v\u0103 pute\u021bi relaxa singur sau cu prietenii, pute\u021bi s\u0103rb\u0103tori un eveniment important pentru dvs. sau pur \u0219i simplu v\u0103 pute\u021bi bucura de proceduri pl\u0103cute \u0219i utile.\u00cen saun\u0103 pute\u021bi comanda un ceai f\u0103cut din ierburi utile, care v\u0103 vor re\u00eemprosp\u0103ta \u0219i v\u0103 vor tonifia corpul. Avem m\u0103turi de v\u00e2nzare, care includ ierburi medicinale, \u0219i pute\u021bi cump\u0103ra, de asemenea, papuci de unic\u0103 folosin\u021b\u0103, care v\u0103 vor face timpul petrecut \u00een acest loc \u0219i mai confortabil. sauna Bukovel r\u0103m\u00e2ne \u00eentotdeauna la mod\u0103 \u0219i popular\u0103, \u0219i este \u00een mod constant \u00eembun\u0103t\u0103\u021bit\u0103 pentru a satisface pe deplin cerin\u021bele \u0219i dorin\u021bele dumneavoastr\u0103. \u00cen zilele noastre, dorim s\u0103 ob\u021binem cel mai bun rezultat posibil cu un timp minim petrecut. Acesta este exact ceea ce v\u0103 garant\u0103m.<\/p><p style=\"text-align: justify;\">Sauna noastr\u0103 este locul perfect pentru a avea cea mai bun\u0103 grij\u0103 de s\u0103n\u0103tatea, bun\u0103starea \u0219i aspectul dumneavoastr\u0103, \u0219i nu dureaz\u0103 mult timp. \u00cen timpul procedurii \"fierbin\u021bi\", sub influen\u021ba aerului uscat cu o temperatur\u0103 de aproximativ 90\u00b0C, corpul dumneavoastr\u0103 se va afla \u00eentr-un mediu favorabil, de\u0219i destul de neobi\u0219nuit.<\/p><p style=\"text-align: justify;\">\u00cen acest moment, corpul \u00eencepe s\u0103 transpire abundent pentru a reduce diferen\u021ba de temperatur\u0103, transport\u00e2nd o cantitate mare de lichid pentru a r\u0103ci pielea. Acest proces cur\u0103\u021b\u0103 perfect pielea \u0219i, de asemenea, elimin\u0103 toxinele care polueaz\u0103 \u00eentregul corp. Din studii recente, afl\u0103m c\u0103 cantitatea de toxine \u0219i metale grele care p\u0103r\u0103sesc corpul \u00een timpul unor astfel de proceduri este egal\u0103 cu cea care v-ar p\u0103r\u0103si dup\u0103 o munc\u0103 fizic\u0103 foarte lung\u0103 \u0219i destul de obositoare. Sauna noastr\u0103 din Bukovel v\u0103 ofer\u0103 un rezultat wellness \u0219i foarte eficient \u00eentr-un mediu confortabil \u0219i f\u0103r\u0103 efort muscular intens.<\/p><p style=\"text-align: justify;\">Veni\u021bi la noi \u0219i nu ve\u021bi regreta. Dac\u0103 ajunge\u021bi cu ma\u0219ina, avem o parcare gratuit\u0103 p\u0103zit\u0103 pentru confortul dumneavoastr\u0103, unde nu trebuie s\u0103 v\u0103 face\u021bi griji cu privire la siguran\u021ba ma\u0219inii dvs. Exist\u0103 un restaurant pe teritoriul hotelului nostru, care, printre altele, are bere la robinet.<\/p><p style=\"text-align: justify;\">Pute\u021bi rezerva gratuit o saun\u0103.<\/p><\/div><\/div><div class=\"elementor-element elementor-element-6b84d07 elementor-widget elementor-widget-text-editor\" data-id=\"6b84d07\" data-element_type=\"widget\" data-widget_type=\"text-editor.default\"><div class=\"elementor-widget-container\"><p style=\"text-align: justify;\"><strong>Costul este de 400 UAH pe or\u0103. 500 UAH \u00een timpul sezonului de vacan\u021b\u0103. Capacitate de p\u00e2n\u0103 la 6 persoane.<\/strong><\/p><\/div><\/div>\t\t\t\t\t\t\t\t<\/div>\n\t\t\t\t<\/div>\n\t\t\t\t\t<\/div>\n\t\t\t\t<\/div>\n\t\t\t\t<section class=\"elementor-section elementor-top-section elementor-element elementor-element-d8a2dbf elementor-section-full_width cs-animation-small-offset elementor-section-height-default elementor-section-height-default elementor-invisible\" data-id=\"d8a2dbf\" data-element_type=\"section\" data-e-type=\"section\" data-settings=\"{&quot;animation&quot;:&quot;fadeInUp&quot;,&quot;animation_delay&quot;:300}\">\n\t\t\t\t\t\t<div class=\"elementor-container elementor-column-gap-custom\">\n\t\t\t\t\t<div class=\"elementor-column elementor-col-25 elementor-top-column elementor-element elementor-element-94d56c3\" data-id=\"94d56c3\" data-element_type=\"column\" data-e-type=\"column\">\n\t\t\t<div class=\"elementor-widget-wrap elementor-element-populated\">\n\t\t\t\t\t\t<div class=\"elementor-element elementor-element-b8df57f elementor-widget elementor-widget-cs_fancy_card\" data-id=\"b8df57f\" data-element_type=\"widget\" data-e-type=\"widget\" data-widget_type=\"cs_fancy_card.default\">\n\t\t\t\t<div class=\"elementor-widget-container\">\n\t\t\t\t\t\n\t\t<div class=\"cs-fancy-card style-1 text-center cs-hover-img-zoom\">\n            <div class=\"cs-fc-wrap\">\t                <a class=\"cs-fc-link\" href=\"https:\/\/millijon.ua\/ro\/hotel\/restaurante-baruri\/\" aria-label=\"Fancy Card Link\"><\/a>\t               \t<div class=\"cs-fc-img\">\n\t                    <img fetchpriority=\"high\" decoding=\"async\" width=\"800\" height=\"800\" src=\"https:\/\/millijon.ua\/wp-content\/uploads\/2025\/09\/hotel-nq-01.webp\" class=\"attachment-full size-full wp-image-3341\" alt=\"\" srcset=\"https:\/\/millijon.ua\/wp-content\/uploads\/2025\/09\/hotel-nq-01.webp 800w, https:\/\/millijon.ua\/wp-content\/uploads\/2025\/09\/hotel-nq-01-300x300.webp 300w, https:\/\/millijon.ua\/wp-content\/uploads\/2025\/09\/hotel-nq-01-150x150.webp 150w, https:\/\/millijon.ua\/wp-content\/uploads\/2025\/09\/hotel-nq-01-768x768.webp 768w, https:\/\/millijon.ua\/wp-content\/uploads\/2025\/09\/hotel-nq-01-12x12.webp 12w, https:\/\/millijon.ua\/wp-content\/uploads\/2025\/09\/hotel-nq-01-780x780.webp 780w, https:\/\/millijon.ua\/wp-content\/uploads\/2025\/09\/hotel-nq-01-600x600.webp 600w, https:\/\/millijon.ua\/wp-content\/uploads\/2025\/09\/hotel-nq-01-550x550.webp 550w, https:\/\/millijon.ua\/wp-content\/uploads\/2025\/09\/hotel-nq-01-370x370.webp 370w, https:\/\/millijon.ua\/wp-content\/uploads\/2025\/09\/hotel-nq-01-255x255.webp 255w\" sizes=\"(max-width: 800px) 100vw, 800px\" \/>\t                <\/div>\n                <div class=\"cs-fc-content\">\t\t\t\t\t\t<div class=\"cs-subtitle-wrap\"><span class=\"cs-subtitle\">Pr\u00e2nzuri \u0219i cine cu arom\u0103 carpatin\u0103<\/span><\/div>\t\t\t            <h6 class=\"cs-fc-title cs-title\">\n\t\t\t                Restaurant\t\t\t            <\/h6>\t\t\t\t<\/div>\n            <\/div>\n        <\/div>\t\t\t\t<\/div>\n\t\t\t\t<\/div>\n\t\t\t\t\t<\/div>\n\t\t<\/div>\n\t\t\t\t<div class=\"elementor-column elementor-col-25 elementor-top-column elementor-element elementor-element-7a897c0\" data-id=\"7a897c0\" data-element_type=\"column\" data-e-type=\"column\">\n\t\t\t<div class=\"elementor-widget-wrap elementor-element-populated\">\n\t\t\t\t\t\t<div class=\"elementor-element elementor-element-c11bb71 elementor-widget elementor-widget-cs_fancy_card\" data-id=\"c11bb71\" data-element_type=\"widget\" data-e-type=\"widget\" data-widget_type=\"cs_fancy_card.default\">\n\t\t\t\t<div class=\"elementor-widget-container\">\n\t\t\t\t\t\n\t\t<div class=\"cs-fancy-card style-1 text-center cs-hover-img-zoom\">\n            <div class=\"cs-fc-wrap\">\t                <a class=\"cs-fc-link\" href=\"https:\/\/millijon.ua\/ro\/hotel\/\" aria-label=\"Fancy Card Link\"><\/a>\t               \t<div class=\"cs-fc-img\">\n\t                    <img decoding=\"async\" width=\"800\" height=\"800\" src=\"https:\/\/millijon.ua\/wp-content\/uploads\/2025\/06\/hotel-sq-02.webp\" class=\"attachment-full size-full wp-image-3164\" alt=\"\" srcset=\"https:\/\/millijon.ua\/wp-content\/uploads\/2025\/06\/hotel-sq-02.webp 800w, https:\/\/millijon.ua\/wp-content\/uploads\/2025\/06\/hotel-sq-02-300x300.webp 300w, https:\/\/millijon.ua\/wp-content\/uploads\/2025\/06\/hotel-sq-02-150x150.webp 150w, https:\/\/millijon.ua\/wp-content\/uploads\/2025\/06\/hotel-sq-02-768x768.webp 768w, https:\/\/millijon.ua\/wp-content\/uploads\/2025\/06\/hotel-sq-02-12x12.webp 12w, https:\/\/millijon.ua\/wp-content\/uploads\/2025\/06\/hotel-sq-02-780x780.webp 780w, https:\/\/millijon.ua\/wp-content\/uploads\/2025\/06\/hotel-sq-02-600x600.webp 600w, https:\/\/millijon.ua\/wp-content\/uploads\/2025\/06\/hotel-sq-02-550x550.webp 550w, https:\/\/millijon.ua\/wp-content\/uploads\/2025\/06\/hotel-sq-02-370x370.webp 370w, https:\/\/millijon.ua\/wp-content\/uploads\/2025\/06\/hotel-sq-02-255x255.webp 255w\" sizes=\"(max-width: 800px) 100vw, 800px\" \/>\t                <\/div>\n                <div class=\"cs-fc-content\">\t\t\t\t\t\t<div class=\"cs-subtitle-wrap\"><span class=\"cs-subtitle\">Comoditate, stil \u0219i confort \u00een fiecare detaliu<\/span><\/div>\t\t\t            <h6 class=\"cs-fc-title cs-title\">\n\t\t\t                Camere\t\t\t            <\/h6>\t\t\t\t<\/div>\n            <\/div>\n        <\/div>\t\t\t\t<\/div>\n\t\t\t\t<\/div>\n\t\t\t\t\t<\/div>\n\t\t<\/div>\n\t\t\t\t<div class=\"elementor-column elementor-col-25 elementor-top-column elementor-element elementor-element-44d9e14\" data-id=\"44d9e14\" data-element_type=\"column\" data-e-type=\"column\">\n\t\t\t<div class=\"elementor-widget-wrap elementor-element-populated\">\n\t\t\t\t\t\t<div class=\"elementor-element elementor-element-f11ab71 elementor-widget elementor-widget-cs_fancy_card\" data-id=\"f11ab71\" data-element_type=\"widget\" data-e-type=\"widget\" data-widget_type=\"cs_fancy_card.default\">\n\t\t\t\t<div class=\"elementor-widget-container\">\n\t\t\t\t\t\n\t\t<div class=\"cs-fancy-card style-1 text-center cs-hover-img-zoom\">\n            <div class=\"cs-fc-wrap\">\t                <a class=\"cs-fc-link\" href=\"https:\/\/millijon.ua\/ro\/hotel\/sauna\/\" aria-label=\"Fancy Card Link\"><\/a>\t               \t<div class=\"cs-fc-img\">\n\t                    <img decoding=\"async\" width=\"800\" height=\"800\" src=\"https:\/\/millijon.ua\/wp-content\/uploads\/2025\/09\/hotel-nq-03.webp\" class=\"attachment-full size-full wp-image-3343\" alt=\"\" srcset=\"https:\/\/millijon.ua\/wp-content\/uploads\/2025\/09\/hotel-nq-03.webp 800w, https:\/\/millijon.ua\/wp-content\/uploads\/2025\/09\/hotel-nq-03-300x300.webp 300w, https:\/\/millijon.ua\/wp-content\/uploads\/2025\/09\/hotel-nq-03-150x150.webp 150w, https:\/\/millijon.ua\/wp-content\/uploads\/2025\/09\/hotel-nq-03-768x768.webp 768w, https:\/\/millijon.ua\/wp-content\/uploads\/2025\/09\/hotel-nq-03-12x12.webp 12w, https:\/\/millijon.ua\/wp-content\/uploads\/2025\/09\/hotel-nq-03-780x780.webp 780w, https:\/\/millijon.ua\/wp-content\/uploads\/2025\/09\/hotel-nq-03-600x600.webp 600w, https:\/\/millijon.ua\/wp-content\/uploads\/2025\/09\/hotel-nq-03-550x550.webp 550w, https:\/\/millijon.ua\/wp-content\/uploads\/2025\/09\/hotel-nq-03-370x370.webp 370w, https:\/\/millijon.ua\/wp-content\/uploads\/2025\/09\/hotel-nq-03-255x255.webp 255w\" sizes=\"(max-width: 800px) 100vw, 800px\" \/>\t                <\/div>\n                <div class=\"cs-fc-content\">\t\t\t\t\t\t<div class=\"cs-subtitle-wrap\"><span class=\"cs-subtitle\">C\u0103ldur\u0103 \u0219i lini\u0219te pentru o recuperare complet\u0103<\/span><\/div>\t\t\t            <h6 class=\"cs-fc-title cs-title\">\n\t\t\t                Saun\u0103\t\t\t            <\/h6>\t\t\t\t<\/div>\n            <\/div>\n        <\/div>\t\t\t\t<\/div>\n\t\t\t\t<\/div>\n\t\t\t\t\t<\/div>\n\t\t<\/div>\n\t\t\t\t<div class=\"elementor-column elementor-col-25 elementor-top-column elementor-element elementor-element-0ac0a94\" data-id=\"0ac0a94\" data-element_type=\"column\" data-e-type=\"column\">\n\t\t\t<div class=\"elementor-widget-wrap elementor-element-populated\">\n\t\t\t\t\t\t<div class=\"elementor-element elementor-element-b86c381 elementor-widget elementor-widget-cs_fancy_card\" data-id=\"b86c381\" data-element_type=\"widget\" data-e-type=\"widget\" data-widget_type=\"cs_fancy_card.default\">\n\t\t\t\t<div class=\"elementor-widget-container\">\n\t\t\t\t\t\n\t\t<div class=\"cs-fancy-card style-1 text-center cs-hover-img-zoom\">\n            <div class=\"cs-fc-wrap\">\t                <a class=\"cs-fc-link\" href=\"https:\/\/millijon.ua\/ro\/hotel\/spa\/\" aria-label=\"Fancy Card Link\"><\/a>\t               \t<div class=\"cs-fc-img\">\n\t                    <img loading=\"lazy\" decoding=\"async\" width=\"800\" height=\"800\" src=\"https:\/\/millijon.ua\/wp-content\/uploads\/2025\/09\/hotel-nq-04.webp\" class=\"attachment-full size-full wp-image-3344\" alt=\"\" srcset=\"https:\/\/millijon.ua\/wp-content\/uploads\/2025\/09\/hotel-nq-04.webp 800w, https:\/\/millijon.ua\/wp-content\/uploads\/2025\/09\/hotel-nq-04-300x300.webp 300w, https:\/\/millijon.ua\/wp-content\/uploads\/2025\/09\/hotel-nq-04-150x150.webp 150w, https:\/\/millijon.ua\/wp-content\/uploads\/2025\/09\/hotel-nq-04-768x768.webp 768w, https:\/\/millijon.ua\/wp-content\/uploads\/2025\/09\/hotel-nq-04-12x12.webp 12w, https:\/\/millijon.ua\/wp-content\/uploads\/2025\/09\/hotel-nq-04-780x780.webp 780w, https:\/\/millijon.ua\/wp-content\/uploads\/2025\/09\/hotel-nq-04-600x600.webp 600w, https:\/\/millijon.ua\/wp-content\/uploads\/2025\/09\/hotel-nq-04-550x550.webp 550w, https:\/\/millijon.ua\/wp-content\/uploads\/2025\/09\/hotel-nq-04-370x370.webp 370w, https:\/\/millijon.ua\/wp-content\/uploads\/2025\/09\/hotel-nq-04-255x255.webp 255w\" sizes=\"(max-width: 800px) 100vw, 800px\" \/>\t                <\/div>\n                <div class=\"cs-fc-content\">\t\t\t\t\t\t<div class=\"cs-subtitle-wrap\"><span class=\"cs-subtitle\">Cin\u0103 cu relaxare \u00een zona de lounge<\/span><\/div>\t\t\t            <h6 class=\"cs-fc-title cs-title\">\n\t\t\t                SPA\t\t\t            <\/h6>\t\t\t\t<\/div>\n            <\/div>\n        <\/div>\t\t\t\t<\/div>\n\t\t\t\t<\/div>\n\t\t\t\t\t<\/div>\n\t\t<\/div>\n\t\t\t\t\t<\/div>\n\t\t<\/section>\n\t\t\t\t<\/div>","protected":false},"excerpt":{"rendered":"<p>\u0413\u043e\u0442\u0435\u043b\u044c \u00abMilli &#038; Jon\u00bb \u0443 \u0411\u0443\u043a\u043e\u0432\u0435\u043b\u0456 \u0421\u0430\u0443\u043d\u0430 \u0412\u0430\u0448 \u043f\u0440\u043e\u0441\u0442\u0456\u0440 \u0442\u0435\u043f\u043b\u0430, \u0442\u0438\u0448\u0456 \u0442\u0430 \u043f\u043e\u0432\u043d\u043e\u0433\u043e \u0432\u0456\u0434\u043d\u043e\u0432\u043b\u0435\u043d\u043d\u044f. \u0413\u043e\u0442\u0435\u043b\u044c \u00abMilli &#038; Jon\u00bb \u0443 \u0411\u0443\u043a\u043e\u0432\u0435\u043b\u0456 \u0421\u0430\u0443\u043d\u0430 \u0421\u0430\u0443\u043d\u0430 \u0443 Milli &amp; Jon \u2014 \u0446\u0435 \u0456\u0434\u0435\u0430\u043b\u044c\u043d\u0435 \u0437\u0430\u0432\u0435\u0440\u0448\u0435\u043d\u043d\u044f \u0430\u043a\u0442\u0438\u0432\u043d\u043e\u0433\u043e \u0434\u043d\u044f \u0432 \u0433\u043e\u0440\u0430\u0445. \u041d\u0430\u0442\u0443\u0440\u0430\u043b\u044c\u043d\u0435 \u0434\u0435\u0440\u0435\u0432\u043e, \u0441\u0443\u0445\u0435 \u0442\u0435\u043f\u043b\u043e, \u0440\u043e\u0437\u0441\u043b\u0430\u0431\u043b\u044e\u044e\u0447\u0430 \u0430\u0442\u043c\u043e\u0441\u0444\u0435\u0440\u0430 \u0442\u0430 \u043a\u0430\u0440\u043f\u0430\u0442\u0441\u044c\u043a\u0456 \u0447\u0430\u0457 \u0434\u043e\u043f\u043e\u043c\u043e\u0436\u0443\u0442\u044c \u0437\u043d\u044f\u0442\u0438 \u0432\u0442\u043e\u043c\u0443, \u043f\u043e\u043a\u0440\u0430\u0449\u0438\u0442\u0438 \u0441\u0430\u043c\u043e\u043f\u043e\u0447\u0443\u0442\u0442\u044f \u0442\u0430 \u043f\u043e\u0434\u0430\u0440\u0443\u0432\u0430\u0442\u0438 \u0441\u043f\u0440\u0430\u0432\u0436\u043d\u0456\u0439 \u0440\u0435\u043b\u0430\u043a\u0441. \u0414\u043e\u0441\u0442\u0443\u043f\u043d\u0430 \u0437\u0430 \u043f\u043e\u043f\u0435\u0440\u0435\u0434\u043d\u0456\u043c &#8230;<\/p>","protected":false},"author":1,"featured_media":0,"parent":2073,"menu_order":3,"comment_status":"closed","ping_status":"closed","template":"template-wide-content.php","meta":{"cozystay_single_page_hide_site_header":"","cozystay_single_page_site_header_source":"","cozystay_single_page_custom_site_header":"0","cozystay_single_page_custom_sticky_site_header":"0","cozystay_single_page_hide_page_title":"on","cozystay_single_page_header_section_size":"","cozystay_single_page_header_background_color":"","cozystay_single_page_header_background_position_x":"center","cozystay_single_page_header_background_position_y":"center","cozystay_single_page_header_background_size":"cover","cozystay_single_page_header_background_repeat":"off","cozystay_single_page_header_background_scroll":"on","cozystay_single_page_header_text_color":"","cozystay_single_page_header_show_breadcrumb":"","cozystay_single_page_site_footer_hide_main":"","cozystay_single_custom_site_footer_main_source":"","cozystay_single_custom_site_footer_main":"0","cozystay_single_page_site_footer_hide_above":"","cozystay_single_custom_site_footer_above_source":"","cozystay_single_custom_site_footer_above":"0","cozystay_single_page_site_footer_hide_instagram":"","cozystay_single_page_site_footer_hide_bottom":"","cozystay_single_custom_mobile_menu_source":"","cozystay_single_custom_mobile_menu":"0","cozystay_single_custom_mobile_menu_animation":"","cozystay_single_custom_mobile_menu_width":"","cozystay_single_custom_mobile_menu_custom_width":375,"footnotes":"","_links_to":"","_links_to_target":""},"class_list":["post-2216","page","type-page","status-publish","hentry"],"_links":{"self":[{"href":"https:\/\/millijon.ua\/ro\/wp-json\/wp\/v2\/pages\/2216","targetHints":{"allow":["GET"]}}],"collection":[{"href":"https:\/\/millijon.ua\/ro\/wp-json\/wp\/v2\/pages"}],"about":[{"href":"https:\/\/millijon.ua\/ro\/wp-json\/wp\/v2\/types\/page"}],"author":[{"embeddable":true,"href":"https:\/\/millijon.ua\/ro\/wp-json\/wp\/v2\/users\/1"}],"replies":[{"embeddable":true,"href":"https:\/\/millijon.ua\/ro\/wp-json\/wp\/v2\/comments?post=2216"}],"version-history":[{"count":15,"href":"https:\/\/millijon.ua\/ro\/wp-json\/wp\/v2\/pages\/2216\/revisions"}],"predecessor-version":[{"id":4185,"href":"https:\/\/millijon.ua\/ro\/wp-json\/wp\/v2\/pages\/2216\/revisions\/4185"}],"up":[{"embeddable":true,"href":"https:\/\/millijon.ua\/ro\/wp-json\/wp\/v2\/pages\/2073"}],"wp:attachment":[{"href":"https:\/\/millijon.ua\/ro\/wp-json\/wp\/v2\/media?parent=2216"}],"curies":[{"name":"wp","href":"https:\/\/api.w.org\/{rel}","templated":true}]}}