{"id":2215,"date":"2025-05-19T22:36:31","date_gmt":"2025-05-19T19:36:31","guid":{"rendered":"https:\/\/millijon.ua\/?page_id=2215"},"modified":"2025-12-05T18:55:49","modified_gmt":"2025-12-05T16:55:49","slug":"bazajny-si-sauna","status":"publish","type":"page","link":"https:\/\/millijon.ua\/ro\/hotel\/basejny-ta-sauna\/","title":{"rendered":"Piscine \u0219i saun\u0103"},"content":{"rendered":"<div data-elementor-type=\"wp-page\" data-elementor-id=\"2215\" class=\"elementor elementor-2215\" data-elementor-post-type=\"page\">\n\t\t\t\t\t\t<section class=\"elementor-section elementor-top-section elementor-element elementor-element-75739ccd elementor-section-height-min-height cs-section-content-fullwidth cs-parallax-on-scroll cs_scroll_y_80 elementor-section-boxed elementor-section-height-default elementor-section-items-middle\" data-id=\"75739ccd\" data-element_type=\"section\" data-e-type=\"section\" data-settings=\"{&quot;background_background&quot;:&quot;classic&quot;}\" data-cs-parallax-y=\"80\" style=\"background-image: none;\" data-cs-background-image=\"https:\/\/millijon.ua\/wp-content\/uploads\/2025\/11\/spa-2025-37.webp\" data-cs-background-image-alt-text=\"\">\n\t\t\t\t\t\t\t<div class=\"elementor-background-overlay\"><\/div>\n\t\t\t\t\t\t\t<div class=\"elementor-container elementor-column-gap-no\">\n\t\t\t\t\t<div class=\"elementor-column elementor-col-100 elementor-top-column elementor-element elementor-element-71304ae dark-color\" data-id=\"71304ae\" data-element_type=\"column\" data-e-type=\"column\">\n\t\t\t<div class=\"elementor-widget-wrap elementor-element-populated\">\n\t\t\t\t\t\t<div class=\"elementor-element elementor-element-2b73b0d6 elementor-widget elementor-widget-cs_title\" data-id=\"2b73b0d6\" data-element_type=\"widget\" data-e-type=\"widget\" data-widget_type=\"cs_title.default\">\n\t\t\t\t<div class=\"elementor-widget-container\">\n\t\t\t\t\t\n        <div class=\"cs-title-wrap text-center\">\t            <div class=\"cs-subtitle-wrap\"><span class=\"cs-subtitle color-white\">Hotel \"Milli &amp; Jon\" \u00een Bukovel<\/span><\/div>\t            <h1 class=\"cs-title\">\n\t                Piscine \u0219i saun\u0103\t            <\/h1>\t            <div class=\"cs-title-text\">\n\t                <p>Relaxare dup\u0103 munte - c\u0103ldur\u0103, lini\u0219te \u0219i recuperare pentru trup \u0219i suflet.<\/p>\t            <\/div>        <\/div>\t\t\t\t<\/div>\n\t\t\t\t<\/div>\n\t\t\t\t\t<\/div>\n\t\t<\/div>\n\t\t\t\t\t<\/div>\n\t\t<\/section>\n\t\t\t\t<section class=\"elementor-section elementor-top-section elementor-element elementor-element-2ecd8537 elementor-section-content-middle cs-section-content-fullwidth elementor-section-boxed elementor-section-height-default elementor-section-height-default\" data-id=\"2ecd8537\" data-element_type=\"section\" data-e-type=\"section\" data-settings=\"{&quot;background_background&quot;:&quot;classic&quot;}\">\n\t\t\t\t\t\t<div class=\"elementor-container elementor-column-gap-no\">\n\t\t\t\t\t<div class=\"elementor-column elementor-col-100 elementor-top-column elementor-element elementor-element-3c6b7252\" data-id=\"3c6b7252\" data-element_type=\"column\" data-e-type=\"column\">\n\t\t\t<div class=\"elementor-widget-wrap elementor-element-populated\">\n\t\t\t\t\t\t<div class=\"elementor-element elementor-element-4cf4269f elementor-widget elementor-widget-cs_title\" data-id=\"4cf4269f\" data-element_type=\"widget\" data-e-type=\"widget\" data-widget_type=\"cs_title.default\">\n\t\t\t\t<div class=\"elementor-widget-container\">\n\t\t\t\t\t\n        <div class=\"cs-title-wrap text-left text-center-mobile\">\t            <div class=\"cs-subtitle-wrap\"><span class=\"cs-subtitle\">Hotel \"Milli &amp; Jon\" \u00een Bukovel<\/span><\/div>\t            <h3 class=\"cs-title\">\n\t                Piscine \u0219i saun\u0103\t            <\/h3>\t            <div class=\"cs-title-text\">\n\t                <p>Relaxare dup\u0103 munte - c\u0103ldur\u0103, lini\u0219te \u0219i recuperare pentru trup \u0219i suflet.<br \/>Dup\u0103 o zi activ\u0103 \u00een mun\u021bi, sauna noastr\u0103 cu arom\u0103 de lemn \u0219i piscina cu ap\u0103 cald\u0103 \u0219i limpede v\u0103 a\u0219teapt\u0103. Ideale pentru relaxare, \u00eentinerire \u0219i pentru a v\u0103 bucura de moment. \u00cen zona confortabil\u0103 de relaxare, pute\u021bi bea ceai din Carpa\u021bi, citi sau pur \u0219i simplu s\u0103 fi\u021bi singur cu dumneavoastr\u0103. Milli &amp; Jon nu este doar despre confort, ci \u0219i despre relaxare cu adev\u0103rat grijulie.<\/p>\t            <\/div>        <\/div>\t\t\t\t<\/div>\n\t\t\t\t<\/div>\n\t\t\t\t<div class=\"elementor-element elementor-element-1142f6b elementor-widget__width-auto elementor-widget elementor-widget-button\" data-id=\"1142f6b\" data-element_type=\"widget\" data-e-type=\"widget\" data-widget_type=\"button.default\">\n\t\t\t\t<div class=\"elementor-widget-container\">\n\t\t\t\t\t\t\t\t\t<div class=\"elementor-button-wrapper\">\n\t\t\t\t\t<a class=\"elementor-button elementor-button-link elementor-size-sm\" href=\"tel:+38\">\n\t\t\t\t\t\t<span class=\"elementor-button-content-wrapper\">\n\t\t\t\t\t\t<span class=\"elementor-button-icon\">\n\t\t\t\t<svg aria-hidden=\"true\" class=\"e-font-icon-svg e-fas-phone-alt\" viewbox=\"0 0 512 512\" xmlns=\"http:\/\/www.w3.org\/2000\/svg\"><path d=\"M497.39 361.8l-112-48a24 24 0 0 0-28 6.9l-49.6 60.6A370.66 370.66 0 0 1 130.6 204.11l60.6-49.6a23.94 23.94 0 0 0 6.9-28l-48-112A24.16 24.16 0 0 0 122.6.61l-104 24A24 24 0 0 0 0 48c0 256.5 207.9 464 464 464a24 24 0 0 0 23.4-18.6l24-104a24.29 24.29 0 0 0-14.01-27.6z\"><\/path><\/svg>\t\t\t<\/span>\n\t\t\t\t\t\t\t\t\t<span class=\"elementor-button-text\">+38<\/span>\n\t\t\t\t\t<\/span>\n\t\t\t\t\t<\/a>\n\t\t\t\t<\/div>\n\t\t\t\t\t\t\t\t<\/div>\n\t\t\t\t<\/div>\n\t\t\t\t<div class=\"elementor-element elementor-element-2ab4a3d elementor-widget__width-auto elementor-widget elementor-widget-button\" data-id=\"2ab4a3d\" data-element_type=\"widget\" data-e-type=\"widget\" data-widget_type=\"button.default\">\n\t\t\t\t<div class=\"elementor-widget-container\">\n\t\t\t\t\t\t\t\t\t<div class=\"elementor-button-wrapper\">\n\t\t\t\t\t<a class=\"elementor-button elementor-button-link elementor-size-sm\" href=\"mailto:dine@millijon.ua\">\n\t\t\t\t\t\t<span class=\"elementor-button-content-wrapper\">\n\t\t\t\t\t\t<span class=\"elementor-button-icon\">\n\t\t\t\t<svg aria-hidden=\"true\" class=\"e-font-icon-svg e-fas-envelope\" viewbox=\"0 0 512 512\" xmlns=\"http:\/\/www.w3.org\/2000\/svg\"><path d=\"M502.3 190.8c3.9-3.1 9.7-.2 9.7 4.7V400c0 26.5-21.5 48-48 48H48c-26.5 0-48-21.5-48-48V195.6c0-5 5.7-7.8 9.7-4.7 22.4 17.4 52.1 39.5 154.1 113.6 21.1 15.4 56.7 47.8 92.2 47.6 35.7.3 72-32.8 92.3-47.6 102-74.1 131.6-96.3 154-113.7zM256 320c23.2.4 56.6-29.2 73.4-41.4 132.7-96.3 142.8-104.7 173.4-128.7 5.8-4.5 9.2-11.5 9.2-18.9v-19c0-26.5-21.5-48-48-48H48C21.5 64 0 85.5 0 112v19c0 7.4 3.4 14.3 9.2 18.9 30.6 23.9 40.7 32.4 173.4 128.7 16.8 12.2 50.2 41.8 73.4 41.4z\"><\/path><\/svg>\t\t\t<\/span>\n\t\t\t\t\t\t\t\t\t<span class=\"elementor-button-text\">dine@millijon.ua<\/span>\n\t\t\t\t\t<\/span>\n\t\t\t\t\t<\/a>\n\t\t\t\t<\/div>\n\t\t\t\t\t\t\t\t<\/div>\n\t\t\t\t<\/div>\n\t\t\t\t\t<\/div>\n\t\t<\/div>\n\t\t\t\t\t<\/div>\n\t\t<\/section>\n\t\t<div class=\"elementor-element elementor-element-92db854 e-flex e-con-boxed e-con e-parent\" data-id=\"92db854\" data-element_type=\"container\" data-e-type=\"container\">\n\t\t\t\t\t<div class=\"e-con-inner\">\n\t\t\t\t<div class=\"elementor-element elementor-element-23c2c4c elementor-widget elementor-widget-text-editor\" data-id=\"23c2c4c\" data-element_type=\"widget\" data-e-type=\"widget\" data-widget_type=\"text-editor.default\">\n\t\t\t\t<div class=\"elementor-widget-container\">\n\t\t\t\t\t\t\t\t\t<div class=\"elementor-element elementor-element-c1dc4cb elementor-widget elementor-widget-text-editor\" data-id=\"c1dc4cb\" data-element_type=\"widget\" data-widget_type=\"text-editor.default\"><div class=\"elementor-widget-container\"><p style=\"text-align: justify;\">Piscina de la Villa Milli &amp; Jon este o component\u0103 pl\u0103cut\u0103 a unei vacan\u021be bune \u0219i este cu siguran\u021b\u0103 primul pas c\u0103tre o s\u0103n\u0103tate bun\u0103. \u00cenotul \u00een piscin\u0103 va fi benefic pentru aproape toat\u0103 lumea, deoarece procedurile cu ap\u0103 au un efect pozitiv asupra corpului, tonific\u0103, amelioreaz\u0103 stresul, normalizeaz\u0103 somnul \u0219i stimuleaz\u0103 imunitatea.<\/p><p style=\"text-align: justify;\">Hotelul nostru are dou\u0103 piscine care v\u0103 vor ajuta s\u0103 v\u0103 face\u021bi vacan\u021ba de neuitat.Piscine \u0219i Saun\u0103 \u00een Bukovel O piscin\u0103 interioar\u0103 \u0219i o piscin\u0103 \u00een aer liber, care v\u0103 vor permite s\u0103 v\u0103 bucura\u021bi de procedurile de ap\u0103 \u00een orice vreme. Temperatura apei \u00een piscine este de aproximativ 26-28 de grade, ceea ce permite adul\u021bilor \u0219i copiilor s\u0103 \u00eenoate confortabil indiferent de vreme, care este diferit\u0103 \u00een Carpa\u021bi;)<\/p><p style=\"text-align: justify;\">Piscina \u00een aer liber este deschis\u0103 numai \u00een timpul verii<\/p><\/div><\/div><div class=\"elementor-element elementor-element-c13c6a2 elementor-widget elementor-widget-text-editor\" data-id=\"c13c6a2\" data-element_type=\"widget\" data-widget_type=\"text-editor.default\"><div class=\"elementor-widget-container\"><p style=\"text-align: justify;\"><strong>Piscina este deschis\u0103 de la 10:00 la 22:00, ora Kievului. \u00cen timpul verii, piscinele sunt gratuite pentru oaspe\u021bii hotelului nostru. \u00cen timpul iernii, pre\u021bul pentru piscina interioar\u0103 este de 150 UAH pe zi. De la 10.03.2022 la 31.03.2022, accesul la piscin\u0103 este gratuit la rezervarea online.<\/strong><\/p><div class=\"elementor-element elementor-element-81d4865 elementor-widget elementor-widget-text-editor\" data-id=\"81d4865\" data-element_type=\"widget\" data-widget_type=\"text-editor.default\"><div class=\"elementor-widget-container\"><p>Sauna este o institu\u021bie cunoscut\u0103 ast\u0103zi \u00een aproape toate \u021b\u0103rile lumii. De exemplu, pentru finlandezi, sauna este un concept sacru, un loc unde armonia \u0219i pacea cu corpul ar trebui s\u0103 domneasc\u0103 \u00eentotdeauna \u0219i unde nu ar trebui s\u0103 rezolva\u021bi disputele, cu at\u00e2t mai pu\u021bin s\u0103 v\u0103 certa\u021bi. Sauna se deosebe\u0219te de b\u0103ile ruse\u0219ti prin aburul s\u0103u uscat, care v\u0103 lini\u0219te\u0219te sufletul \u0219i v\u0103 \u00eemprosp\u0103teaz\u0103 corpul obosit. Din cele mai vechi timpuri, acest loc a oferit oamenilor eliberarea de stres \u0219i refacerea for\u021bei pierdute \u00een procesul de munc\u0103 grea. Sauna noastr\u0103 din Bukovel v\u0103 ofer\u0103 cele mai bune idei moderne \u00eempreun\u0103 cu vechile tradi\u021bii pentru vacan\u021ba dumneavoastr\u0103. V\u0103 oferim servicii de \u00eenchiriere a acesteia.<\/p><\/div><\/div><div class=\"elementor-element elementor-element-1f42310 elementor-widget elementor-widget-text-editor\" data-id=\"1f42310\" data-element_type=\"widget\" data-widget_type=\"text-editor.default\"><div class=\"elementor-widget-container\"><p><strong>Costul este de 500 grivne pe or\u0103. Capacitate de p\u00e2n\u0103 la 6 persoane.<\/strong><\/p><\/div><\/div><\/div><\/div>\t\t\t\t\t\t\t\t<\/div>\n\t\t\t\t<\/div>\n\t\t\t\t\t<\/div>\n\t\t\t\t<\/div>\n\t\t\t\t<section class=\"elementor-section elementor-top-section elementor-element elementor-element-e8189a4 elementor-section-full_width cs-animation-small-offset elementor-section-height-default elementor-section-height-default elementor-invisible\" data-id=\"e8189a4\" data-element_type=\"section\" data-e-type=\"section\" data-settings=\"{&quot;animation&quot;:&quot;fadeInUp&quot;,&quot;animation_delay&quot;:300}\">\n\t\t\t\t\t\t<div class=\"elementor-container elementor-column-gap-custom\">\n\t\t\t\t\t<div class=\"elementor-column elementor-col-25 elementor-top-column elementor-element elementor-element-a81a2b3\" data-id=\"a81a2b3\" data-element_type=\"column\" data-e-type=\"column\">\n\t\t\t<div class=\"elementor-widget-wrap elementor-element-populated\">\n\t\t\t\t\t\t<div class=\"elementor-element elementor-element-dd01981 elementor-widget elementor-widget-cs_fancy_card\" data-id=\"dd01981\" data-element_type=\"widget\" data-e-type=\"widget\" data-widget_type=\"cs_fancy_card.default\">\n\t\t\t\t<div class=\"elementor-widget-container\">\n\t\t\t\t\t\n\t\t<div class=\"cs-fancy-card style-1 text-center cs-hover-img-zoom\">\n            <div class=\"cs-fc-wrap\">\t                <a class=\"cs-fc-link\" href=\"https:\/\/millijon.ua\/ro\/hotel\/restaurante-baruri\/\" aria-label=\"Fancy Card Link\"><\/a>\t               \t<div class=\"cs-fc-img\">\n\t                    <img fetchpriority=\"high\" decoding=\"async\" width=\"2000\" height=\"1333\" src=\"https:\/\/millijon.ua\/wp-content\/uploads\/2025\/11\/restaurants-2025-22.webp\" class=\"attachment-full size-full wp-image-3448\" alt=\"\" srcset=\"https:\/\/millijon.ua\/wp-content\/uploads\/2025\/11\/restaurants-2025-22.webp 2000w, https:\/\/millijon.ua\/wp-content\/uploads\/2025\/11\/restaurants-2025-22-300x200.webp 300w, https:\/\/millijon.ua\/wp-content\/uploads\/2025\/11\/restaurants-2025-22-1024x682.webp 1024w, https:\/\/millijon.ua\/wp-content\/uploads\/2025\/11\/restaurants-2025-22-768x512.webp 768w, https:\/\/millijon.ua\/wp-content\/uploads\/2025\/11\/restaurants-2025-22-1536x1024.webp 1536w, https:\/\/millijon.ua\/wp-content\/uploads\/2025\/11\/restaurants-2025-22-18x12.webp 18w, https:\/\/millijon.ua\/wp-content\/uploads\/2025\/11\/restaurants-2025-22-1920x1280.webp 1920w, https:\/\/millijon.ua\/wp-content\/uploads\/2025\/11\/restaurants-2025-22-1440x960.webp 1440w, https:\/\/millijon.ua\/wp-content\/uploads\/2025\/11\/restaurants-2025-22-1200x800.webp 1200w, https:\/\/millijon.ua\/wp-content\/uploads\/2025\/11\/restaurants-2025-22-780x520.webp 780w, https:\/\/millijon.ua\/wp-content\/uploads\/2025\/11\/restaurants-2025-22-600x400.webp 600w, https:\/\/millijon.ua\/wp-content\/uploads\/2025\/11\/restaurants-2025-22-550x367.webp 550w, https:\/\/millijon.ua\/wp-content\/uploads\/2025\/11\/restaurants-2025-22-370x247.webp 370w, https:\/\/millijon.ua\/wp-content\/uploads\/2025\/11\/restaurants-2025-22-255x170.webp 255w, https:\/\/millijon.ua\/wp-content\/uploads\/2025\/11\/restaurants-2025-22-150x100.webp 150w\" sizes=\"(max-width: 2000px) 100vw, 2000px\" \/>\t                <\/div>\n                <div class=\"cs-fc-content\">\t\t\t\t\t\t<div class=\"cs-subtitle-wrap\"><span class=\"cs-subtitle\">Pr\u00e2nzuri \u0219i cine cu arom\u0103 carpatin\u0103<\/span><\/div>\t\t\t            <h6 class=\"cs-fc-title cs-title\">\n\t\t\t                Restaurant\t\t\t            <\/h6>\t\t\t\t<\/div>\n            <\/div>\n        <\/div>\t\t\t\t<\/div>\n\t\t\t\t<\/div>\n\t\t\t\t\t<\/div>\n\t\t<\/div>\n\t\t\t\t<div class=\"elementor-column elementor-col-25 elementor-top-column elementor-element elementor-element-ddfee92\" data-id=\"ddfee92\" data-element_type=\"column\" data-e-type=\"column\">\n\t\t\t<div class=\"elementor-widget-wrap elementor-element-populated\">\n\t\t\t\t\t\t<div class=\"elementor-element elementor-element-34eab6b elementor-widget elementor-widget-cs_fancy_card\" data-id=\"34eab6b\" data-element_type=\"widget\" data-e-type=\"widget\" data-widget_type=\"cs_fancy_card.default\">\n\t\t\t\t<div class=\"elementor-widget-container\">\n\t\t\t\t\t\n\t\t<div class=\"cs-fancy-card style-1 text-center cs-hover-img-zoom\">\n            <div class=\"cs-fc-wrap\">\t                <a class=\"cs-fc-link\" href=\"https:\/\/millijon.ua\/ro\/hotel\/\" aria-label=\"Fancy Card Link\"><\/a>\t               \t<div class=\"cs-fc-img\">\n\t                    <img decoding=\"async\" width=\"2000\" height=\"1333\" src=\"https:\/\/millijon.ua\/wp-content\/uploads\/2025\/11\/lyuks-pokrashhenyj-2025-05.webp\" class=\"attachment-full size-full wp-image-3660\" alt=\"\" srcset=\"https:\/\/millijon.ua\/wp-content\/uploads\/2025\/11\/lyuks-pokrashhenyj-2025-05.webp 2000w, https:\/\/millijon.ua\/wp-content\/uploads\/2025\/11\/lyuks-pokrashhenyj-2025-05-300x200.webp 300w, https:\/\/millijon.ua\/wp-content\/uploads\/2025\/11\/lyuks-pokrashhenyj-2025-05-1024x682.webp 1024w, https:\/\/millijon.ua\/wp-content\/uploads\/2025\/11\/lyuks-pokrashhenyj-2025-05-768x512.webp 768w, https:\/\/millijon.ua\/wp-content\/uploads\/2025\/11\/lyuks-pokrashhenyj-2025-05-1536x1024.webp 1536w, https:\/\/millijon.ua\/wp-content\/uploads\/2025\/11\/lyuks-pokrashhenyj-2025-05-18x12.webp 18w, https:\/\/millijon.ua\/wp-content\/uploads\/2025\/11\/lyuks-pokrashhenyj-2025-05-1920x1280.webp 1920w, https:\/\/millijon.ua\/wp-content\/uploads\/2025\/11\/lyuks-pokrashhenyj-2025-05-1440x960.webp 1440w, https:\/\/millijon.ua\/wp-content\/uploads\/2025\/11\/lyuks-pokrashhenyj-2025-05-1200x800.webp 1200w, https:\/\/millijon.ua\/wp-content\/uploads\/2025\/11\/lyuks-pokrashhenyj-2025-05-780x520.webp 780w, https:\/\/millijon.ua\/wp-content\/uploads\/2025\/11\/lyuks-pokrashhenyj-2025-05-600x400.webp 600w, https:\/\/millijon.ua\/wp-content\/uploads\/2025\/11\/lyuks-pokrashhenyj-2025-05-550x367.webp 550w, https:\/\/millijon.ua\/wp-content\/uploads\/2025\/11\/lyuks-pokrashhenyj-2025-05-370x247.webp 370w, https:\/\/millijon.ua\/wp-content\/uploads\/2025\/11\/lyuks-pokrashhenyj-2025-05-255x170.webp 255w, https:\/\/millijon.ua\/wp-content\/uploads\/2025\/11\/lyuks-pokrashhenyj-2025-05-150x100.webp 150w\" sizes=\"(max-width: 2000px) 100vw, 2000px\" \/>\t                <\/div>\n                <div class=\"cs-fc-content\">\t\t\t\t\t\t<div class=\"cs-subtitle-wrap\"><span class=\"cs-subtitle\">Comoditate, stil \u0219i confort \u00een fiecare detaliu<\/span><\/div>\t\t\t            <h6 class=\"cs-fc-title cs-title\">\n\t\t\t                Camere\t\t\t            <\/h6>\t\t\t\t<\/div>\n            <\/div>\n        <\/div>\t\t\t\t<\/div>\n\t\t\t\t<\/div>\n\t\t\t\t\t<\/div>\n\t\t<\/div>\n\t\t\t\t<div class=\"elementor-column elementor-col-25 elementor-top-column elementor-element elementor-element-e7a9439\" data-id=\"e7a9439\" data-element_type=\"column\" data-e-type=\"column\">\n\t\t\t<div class=\"elementor-widget-wrap elementor-element-populated\">\n\t\t\t\t\t\t<div class=\"elementor-element elementor-element-27fab52 elementor-widget elementor-widget-cs_fancy_card\" data-id=\"27fab52\" data-element_type=\"widget\" data-e-type=\"widget\" data-widget_type=\"cs_fancy_card.default\">\n\t\t\t\t<div class=\"elementor-widget-container\">\n\t\t\t\t\t\n\t\t<div class=\"cs-fancy-card style-1 text-center cs-hover-img-zoom\">\n            <div class=\"cs-fc-wrap\">\t                <a class=\"cs-fc-link\" href=\"https:\/\/millijon.ua\/ro\/hotel\/sauna\/\" aria-label=\"Fancy Card Link\"><\/a>\t               \t<div class=\"cs-fc-img\">\n\t                    <img decoding=\"async\" width=\"1999\" height=\"1333\" src=\"https:\/\/millijon.ua\/wp-content\/uploads\/2025\/11\/spa-2025-64.webp\" class=\"attachment-full size-full wp-image-3892\" alt=\"\" srcset=\"https:\/\/millijon.ua\/wp-content\/uploads\/2025\/11\/spa-2025-64.webp 1999w, https:\/\/millijon.ua\/wp-content\/uploads\/2025\/11\/spa-2025-64-300x200.webp 300w, https:\/\/millijon.ua\/wp-content\/uploads\/2025\/11\/spa-2025-64-1024x683.webp 1024w, https:\/\/millijon.ua\/wp-content\/uploads\/2025\/11\/spa-2025-64-768x512.webp 768w, https:\/\/millijon.ua\/wp-content\/uploads\/2025\/11\/spa-2025-64-1536x1024.webp 1536w, https:\/\/millijon.ua\/wp-content\/uploads\/2025\/11\/spa-2025-64-18x12.webp 18w, https:\/\/millijon.ua\/wp-content\/uploads\/2025\/11\/spa-2025-64-1920x1280.webp 1920w, https:\/\/millijon.ua\/wp-content\/uploads\/2025\/11\/spa-2025-64-1440x960.webp 1440w, https:\/\/millijon.ua\/wp-content\/uploads\/2025\/11\/spa-2025-64-1200x800.webp 1200w, https:\/\/millijon.ua\/wp-content\/uploads\/2025\/11\/spa-2025-64-780x520.webp 780w, https:\/\/millijon.ua\/wp-content\/uploads\/2025\/11\/spa-2025-64-600x400.webp 600w, https:\/\/millijon.ua\/wp-content\/uploads\/2025\/11\/spa-2025-64-550x367.webp 550w, https:\/\/millijon.ua\/wp-content\/uploads\/2025\/11\/spa-2025-64-370x247.webp 370w, https:\/\/millijon.ua\/wp-content\/uploads\/2025\/11\/spa-2025-64-255x170.webp 255w, https:\/\/millijon.ua\/wp-content\/uploads\/2025\/11\/spa-2025-64-150x100.webp 150w\" sizes=\"(max-width: 1999px) 100vw, 1999px\" \/>\t                <\/div>\n                <div class=\"cs-fc-content\">\t\t\t\t\t\t<div class=\"cs-subtitle-wrap\"><span class=\"cs-subtitle\">C\u0103ldur\u0103 \u0219i lini\u0219te pentru o recuperare complet\u0103<\/span><\/div>\t\t\t            <h6 class=\"cs-fc-title cs-title\">\n\t\t\t                Saun\u0103\t\t\t            <\/h6>\t\t\t\t<\/div>\n            <\/div>\n        <\/div>\t\t\t\t<\/div>\n\t\t\t\t<\/div>\n\t\t\t\t\t<\/div>\n\t\t<\/div>\n\t\t\t\t<div class=\"elementor-column elementor-col-25 elementor-top-column elementor-element elementor-element-88808d7\" data-id=\"88808d7\" data-element_type=\"column\" data-e-type=\"column\">\n\t\t\t<div class=\"elementor-widget-wrap elementor-element-populated\">\n\t\t\t\t\t\t<div class=\"elementor-element elementor-element-de8acd9 elementor-widget elementor-widget-cs_fancy_card\" data-id=\"de8acd9\" data-element_type=\"widget\" data-e-type=\"widget\" data-widget_type=\"cs_fancy_card.default\">\n\t\t\t\t<div class=\"elementor-widget-container\">\n\t\t\t\t\t\n\t\t<div class=\"cs-fancy-card style-1 text-center cs-hover-img-zoom\">\n            <div class=\"cs-fc-wrap\">\t                <a class=\"cs-fc-link\" href=\"https:\/\/millijon.ua\/ro\/hotel\/bazajny-si-sauna\/\" aria-label=\"Fancy Card Link\"><\/a>\t               \t<div class=\"cs-fc-img\">\n\t                    <img loading=\"lazy\" decoding=\"async\" width=\"2000\" height=\"1333\" src=\"https:\/\/millijon.ua\/wp-content\/uploads\/2025\/11\/spa-2025-138.webp\" class=\"attachment-full size-full wp-image-3966\" alt=\"\" srcset=\"https:\/\/millijon.ua\/wp-content\/uploads\/2025\/11\/spa-2025-138.webp 2000w, https:\/\/millijon.ua\/wp-content\/uploads\/2025\/11\/spa-2025-138-300x200.webp 300w, https:\/\/millijon.ua\/wp-content\/uploads\/2025\/11\/spa-2025-138-1024x682.webp 1024w, https:\/\/millijon.ua\/wp-content\/uploads\/2025\/11\/spa-2025-138-768x512.webp 768w, https:\/\/millijon.ua\/wp-content\/uploads\/2025\/11\/spa-2025-138-1536x1024.webp 1536w, https:\/\/millijon.ua\/wp-content\/uploads\/2025\/11\/spa-2025-138-18x12.webp 18w, https:\/\/millijon.ua\/wp-content\/uploads\/2025\/11\/spa-2025-138-1920x1280.webp 1920w, https:\/\/millijon.ua\/wp-content\/uploads\/2025\/11\/spa-2025-138-1440x960.webp 1440w, https:\/\/millijon.ua\/wp-content\/uploads\/2025\/11\/spa-2025-138-1200x800.webp 1200w, https:\/\/millijon.ua\/wp-content\/uploads\/2025\/11\/spa-2025-138-780x520.webp 780w, https:\/\/millijon.ua\/wp-content\/uploads\/2025\/11\/spa-2025-138-600x400.webp 600w, https:\/\/millijon.ua\/wp-content\/uploads\/2025\/11\/spa-2025-138-550x367.webp 550w, https:\/\/millijon.ua\/wp-content\/uploads\/2025\/11\/spa-2025-138-370x247.webp 370w, https:\/\/millijon.ua\/wp-content\/uploads\/2025\/11\/spa-2025-138-255x170.webp 255w, https:\/\/millijon.ua\/wp-content\/uploads\/2025\/11\/spa-2025-138-150x100.webp 150w\" sizes=\"(max-width: 2000px) 100vw, 2000px\" \/>\t                <\/div>\n                <div class=\"cs-fc-content\">\t\t\t\t\t\t<div class=\"cs-subtitle-wrap\"><span class=\"cs-subtitle\">O sear\u0103 de relaxare<br>\u00een zona de lounge<\/span><\/div>\t\t\t            <h6 class=\"cs-fc-title cs-title\">\n\t\t\t                Piscin\u0103\t\t\t            <\/h6>\t\t\t\t<\/div>\n            <\/div>\n        <\/div>\t\t\t\t<\/div>\n\t\t\t\t<\/div>\n\t\t\t\t\t<\/div>\n\t\t<\/div>\n\t\t\t\t\t<\/div>\n\t\t<\/section>\n\t\t\t\t<\/div>","protected":false},"excerpt":{"rendered":"<p>\u0413\u043e\u0442\u0435\u043b\u044c \u00abMilli &#038; Jon\u00bb \u0443 \u0411\u0443\u043a\u043e\u0432\u0435\u043b\u0456 \u0411\u0430\u0441\u0435\u0439\u043d\u0438 \u0442\u0430 \u0421\u0430\u0443\u043d\u0430 \u0420\u0435\u043b\u0430\u043a\u0441 \u043f\u0456\u0441\u043b\u044f \u0433\u0456\u0440 \u2014 \u0442\u0435\u043f\u043b\u043e, \u0442\u0438\u0448\u0430 \u0439 \u0432\u0456\u0434\u043d\u043e\u0432\u043b\u0435\u043d\u043d\u044f \u0434\u043b\u044f \u0434\u0443\u0448\u0456 \u0442\u0430 \u0442\u0456\u043b\u0430. \u0413\u043e\u0442\u0435\u043b\u044c \u00abMilli &#038; Jon\u00bb \u0443 \u0411\u0443\u043a\u043e\u0432\u0435\u043b\u0456 \u0411\u0430\u0441\u0435\u0439\u043d\u0438 \u0442\u0430 \u0421\u0430\u0443\u043d\u0430 \u0420\u0435\u043b\u0430\u043a\u0441 \u043f\u0456\u0441\u043b\u044f \u0433\u0456\u0440 \u2014 \u0442\u0435\u043f\u043b\u043e, \u0442\u0438\u0448\u0430 \u0439 \u0432\u0456\u0434\u043d\u043e\u0432\u043b\u0435\u043d\u043d\u044f \u0434\u043b\u044f \u0434\u0443\u0448\u0456 \u0442\u0430 \u0442\u0456\u043b\u0430.\u041f\u0456\u0441\u043b\u044f \u0430\u043a\u0442\u0438\u0432\u043d\u043e\u0433\u043e \u0434\u043d\u044f \u0432 \u0433\u043e\u0440\u0430\u0445 \u043d\u0430 \u0432\u0430\u0441 \u0447\u0435\u043a\u0430\u0454 \u043d\u0430\u0448\u0430 \u0441\u0430\u0443\u043d\u0430 \u0437 \u0430\u0440\u043e\u043c\u0430\u0442\u043e\u043c \u0434\u0435\u0440\u0435\u0432\u0438\u043d\u0438 \u0442\u0430 &#8230;<\/p>","protected":false},"author":1,"featured_media":0,"parent":2073,"menu_order":2,"comment_status":"closed","ping_status":"closed","template":"template-wide-content.php","meta":{"cozystay_single_page_hide_site_header":"","cozystay_single_page_site_header_source":"","cozystay_single_page_custom_site_header":"0","cozystay_single_page_custom_sticky_site_header":"0","cozystay_single_page_hide_page_title":"on","cozystay_single_page_header_section_size":"","cozystay_single_page_header_background_color":"","cozystay_single_page_header_background_position_x":"center","cozystay_single_page_header_background_position_y":"center","cozystay_single_page_header_background_size":"cover","cozystay_single_page_header_background_repeat":"off","cozystay_single_page_header_background_scroll":"on","cozystay_single_page_header_text_color":"","cozystay_single_page_header_show_breadcrumb":"","cozystay_single_page_site_footer_hide_main":"","cozystay_single_custom_site_footer_main_source":"","cozystay_single_custom_site_footer_main":"0","cozystay_single_page_site_footer_hide_above":"","cozystay_single_custom_site_footer_above_source":"","cozystay_single_custom_site_footer_above":"0","cozystay_single_page_site_footer_hide_instagram":"","cozystay_single_page_site_footer_hide_bottom":"","cozystay_single_custom_mobile_menu_source":"","cozystay_single_custom_mobile_menu":"0","cozystay_single_custom_mobile_menu_animation":"","cozystay_single_custom_mobile_menu_width":"","cozystay_single_custom_mobile_menu_custom_width":375,"footnotes":"","_links_to":"","_links_to_target":""},"class_list":["post-2215","page","type-page","status-publish","hentry"],"_links":{"self":[{"href":"https:\/\/millijon.ua\/ro\/wp-json\/wp\/v2\/pages\/2215","targetHints":{"allow":["GET"]}}],"collection":[{"href":"https:\/\/millijon.ua\/ro\/wp-json\/wp\/v2\/pages"}],"about":[{"href":"https:\/\/millijon.ua\/ro\/wp-json\/wp\/v2\/types\/page"}],"author":[{"embeddable":true,"href":"https:\/\/millijon.ua\/ro\/wp-json\/wp\/v2\/users\/1"}],"replies":[{"embeddable":true,"href":"https:\/\/millijon.ua\/ro\/wp-json\/wp\/v2\/comments?post=2215"}],"version-history":[{"count":6,"href":"https:\/\/millijon.ua\/ro\/wp-json\/wp\/v2\/pages\/2215\/revisions"}],"predecessor-version":[{"id":4182,"href":"https:\/\/millijon.ua\/ro\/wp-json\/wp\/v2\/pages\/2215\/revisions\/4182"}],"up":[{"embeddable":true,"href":"https:\/\/millijon.ua\/ro\/wp-json\/wp\/v2\/pages\/2073"}],"wp:attachment":[{"href":"https:\/\/millijon.ua\/ro\/wp-json\/wp\/v2\/media?parent=2215"}],"curies":[{"name":"wp","href":"https:\/\/api.w.org\/{rel}","templated":true}]}}